{"id":1076,"date":"2019-04-03T08:32:02","date_gmt":"2019-04-03T08:32:02","guid":{"rendered":"https:\/\/verimadenciligi.tovak.org\/?page_id=1076"},"modified":"2021-07-29T13:12:46","modified_gmt":"2021-07-29T13:12:46","slug":"genel-bilgiler-3","status":"publish","type":"page","link":"https:\/\/verimadenciligi.tovak.org\/?page_id=1076","title":{"rendered":"Genel Bilgiler 2019"},"content":{"rendered":"\n<h3 class=\"wp-block-heading\">Ama\u00e7<\/h3>\n\n\n\n<hr class=\"wp-block-separator\"\/>\n\n\n\n<p>G\u00fcn\u00fcm\u00fczde yaln\u0131zca bilginin toplanmas\u0131, depolanmas\u0131 ve klasik sorgu y\u00f6ntemleri ile bu ilgilere ula\u015f\u0131lmas\u0131 yetmemektedir. Kamu ve \u00f6zel sekt\u00f6rde yer alan organizasyonlar\u0131n ellerinde bulunan b\u00fcy\u00fck veriden (<em>big data<\/em>) ileriye d\u00f6n\u00fck tahminlerde bulunmas\u0131, \u00e7\u0131kar\u0131m yapmay\u0131 sa\u011flayacak gizli \u00f6r\u00fcnt\u00fcleri elde edebilmesi \u00f6nem ta\u015f\u0131maktad\u0131r. Veri madencili\u011fi fazla miktardaki veri aras\u0131ndan i\u015fe yarar bilginin \u00e7\u0131kar\u0131labilmesi i\u00e7in \u00e7e\u015fitli y\u00f6ntem ve teknikler sunmaktad\u0131r. Veri madencili\u011fi uygulamalar\u0131 ise kamu ve \u00f6zel sekt\u00f6rde g\u00fcnden g\u00fcne yayg\u0131nla\u015fmaktad\u0131r.<\/p>\n\n\n\n<p><strong>V. Disiplinleraras\u0131 Uygulamal\u0131 Veri Madencili\u011fi \u00c7al\u0131\u015ftay\u0131 2020; <\/strong>veri madencili\u011fi ve R programlama dili ile ilgili temel bilgileri vermeyi, verinin analizlere haz\u0131rlanma s\u00fcrecini, \u00f6zellikle s\u0131n\u0131fland\u0131rma ve k\u00fcmeleme konusunda s\u0131k\u00e7a kullan\u0131lan teknikleri, yap\u0131lan analizlerden elde edilecek sonu\u00e7lar\u0131n nas\u0131l do\u011frulanaca\u011f\u0131n\u0131 ve bu sonu\u00e7lar\u0131n nas\u0131l g\u00f6rsel bi\u00e7imde sunulaca\u011f\u0131n\u0131 aktarmay\u0131 ama\u00e7lam\u0131\u015ft\u0131r. Ayn\u0131 zamanda kat\u0131l\u0131mc\u0131lar \u00e7al\u0131\u015ftayda, \u00f6rnek durum incelemeleri \u00fczerinden R programlama diliyle RStudio&#8217;da veri madencili\u011fi tekniklerini nas\u0131l uygulayabileceklerini \u00f6\u011frenme f\u0131rsat\u0131 bulacakt\u0131r.<\/p>\n\n\n\n<p>Bu y\u0131l da \u00f6nceki y\u0131llarda oldu\u011fu gibi e\u011fitmenlerimiz sa\u011fl\u0131k, t\u0131p, finans gibi konular\u0131nda sekt\u00f6rel uygulamalar\u0131 de\u011ferli kat\u0131l\u0131mc\u0131lar\u0131m\u0131zla birlikte ger\u00e7ekle\u015ftirecektir.<\/p>\n\n\n\n<h3 class=\"wp-block-heading\">\u00c7al\u0131\u015ftay Organizasyonu<br><\/h3>\n\n\n\n<hr class=\"wp-block-separator\"\/>\n\n\n\n<p>\u00c7al\u0131\u015ftay; <a rel=\"noreferrer noopener\" href=\"https:\/\/www.tbd.org.tr\/veri-bilimi-calisma-grubu\/\" target=\"_blank\">T\u00fcrkiye Bili\u015fim Derne\u011fi \u0130stanbul \u015eubesi Veri Bilimi \u00c7al\u0131\u015fma Grubu<\/a>,  <a rel=\"noreferrer noopener\" href=\"http:\/\/www.tovak.org\/\" target=\"_blank\">T\u00fcrkiye Toplum Hizmetleri Vakf\u0131 (TOVAK)<\/a> ve <a href=\"https:\/\/gelisim.edu.tr\/\">\u0130stanbul Geli\u015fim \u00dcniversitesi<\/a> i\u015fbirli\u011fi ile <a rel=\"noreferrer noopener\" href=\"https:\/\/www.akademimarmaris.net\/\" target=\"_blank\">TOVAK Uluslararas\u0131 Marmaris Akademisi<\/a>&#8216;nde ger\u00e7ekle\u015ftirilecektir.<\/p>\n\n\n\n<p><strong>D\u00fczenleme Kurulu Ba\u015fkan\u0131<\/strong><\/p>\n\n\n\n<ul><li>Prof. Dr. M. Erdal Balaban<\/li><\/ul>\n\n\n\n<p><strong>D\u00fczenleme Kurulu \u00dcyeleri<\/strong><\/p>\n\n\n\n<ul><li>Prof. Dr. G\u00f6khan Silahtaro\u011flu<\/li><li>Dr. Ay\u015fe \u00c7\u0131nar<\/li><li>Dr. Elif Kartal<\/li><li>Dr. G\u00fclser Acar Dondurmac\u0131<\/li><li>\u0130lkim Ecem Emre<\/li><li>Dr. Zeki \u00d6zen<\/li><\/ul>\n\n\n\n<h3 class=\"wp-block-heading\">Kay\u0131t<\/h3>\n\n\n\n<hr class=\"wp-block-separator\"\/>\n\n\n\n<p>\u00c7al\u0131\u015ftay \u00f6n kay\u0131tlar\u0131 ba\u015flam\u0131\u015ft\u0131r. <a rel=\"noreferrer noopener\" aria-label=\"\u00d6n kay\u0131t for (opens in a new tab)\" href=\"https:\/\/forms.gle\/QoQAPeyCEcPPAUAa8\" target=\"_blank\">\u00d6<\/a><a href=\"https:\/\/forms.gle\/QoQAPeyCEcPPAUAa8\" target=\"_blank\" rel=\"noreferrer noopener\" aria-label=\"n kay\u0131t formu (opens in a new tab)\">n kay\u0131t formu<\/a>nu doldurulduktan sonra <strong>\u00e7al\u0131\u015ftay kayd\u0131n\u0131n&nbsp;kesinle\u015fmesi<\/strong>, \u00e7al\u0131\u015ftay \u00fccretinin&nbsp;\u00f6dendi\u011fini g\u00f6steren dekontun <a rel=\"noreferrer noopener\" href=\"mailto:vmyazokulu@gmail.com\" target=\"_blank\">vmyazokulu@gmail.com<\/a>&nbsp;adresine g\u00f6nderilmesiyle ger\u00e7ekle\u015fecektir.<\/p>\n\n\n\n<h3 class=\"wp-block-heading\">Kat\u0131l\u0131m \u00dccreti ve Konaklama<\/h3>\n\n\n\n<hr class=\"wp-block-separator\"\/>\n\n\n\n<p><strong>30 A\u011fustos 2020<\/strong> Pazar (Giri\u015f) &#8211; <strong>6 Eyl\u00fcl 20<\/strong>20 Pazar (\u00c7\u0131k\u0131\u015f) tarihleri aras\u0131nda yap\u0131lacak \u00e7al\u0131\u015ftay \u00fccreti;<\/p>\n\n\n\n<ul><li>odalarda ki\u015fi ba\u015f\u0131 konaklama,<\/li><li>kahvalt\u0131, \u00f6\u011fle yeme\u011fi ve ak\u015fam yeme\u011fi,<\/li><li>hafta sonu (cumartesi g\u00fcn\u00fc) tekne gezisi,<\/li><li>gala (barbek\u00fc) gecesi<\/li><\/ul>\n\n\n\n<p>olmak \u00fczere toplam \u00fccret <strong>2500TL<\/strong>&#8216;dir.<\/p>\n\n\n\n<p>En fazla 30 kat\u0131l\u0131mc\u0131 ile s\u0131n\u0131rlanan kontenjan\u0131n dolmamas\u0131 durumunda kay\u0131t al\u0131nabilecektir; ancak A\u011fustos 2020&#8217;dan sonra yap\u0131lan kay\u0131t ve \u00f6demelerde %20 ek fiyat uygulanacakt\u0131r. \u00d6demeler taksitle yap\u0131labilecek olup 1 A\u011fustos 2019&#8217;a kadar t\u00fcm \u00f6demelerin tamamlanm\u0131\u015f olmas\u0131 gerekmektedir.<\/p>\n\n\n\n<p>TOVAK Uluslararas\u0131 Marmaris Akademisi&#8217;nde \u00e7al\u0131\u015ftay kat\u0131l\u0131mc\u0131lar\u0131n\u0131n konaklamas\u0131 i\u00e7in ayr\u0131lan odalar odalar 2, gerekti\u011finde 3 ki\u015filik olabilecektir. S\u0131n\u0131rl\u0131 say\u0131daki tek ki\u015filik odalarda kalmak isteyen kat\u0131l\u0131mc\u0131lar\u0131m\u0131z i\u00e7in \u00e7al\u0131\u015ftay \u00fccreti <strong>3300TL<\/strong>&#8216;dir.<\/p>\n\n\n\n<p><strong>KAYIT \u00dcCRET\u0130 \u0130\u00c7\u0130N BANKA HESAP B\u0130LG\u0130LER\u0130<\/strong><\/p>\n\n\n\n<h4 class=\"wp-block-heading\">T\u00dcRK L\u0130RASI (\u20ba) HESABI<\/h4>\n\n\n\n<pre class=\"wp-block-preformatted\"><strong>ALICI:<\/strong> Akademi Turizm Reklamc\u0131l\u0131k Sanat \u00dcr\u00fcnleri Tan\u0131t\u0131m<br>ve Dan\u0131\u015fmanl\u0131k Limited \u015eirketi <br><strong>Finansbank Ac\u0131badem \u015eubesi<\/strong><br><strong>\u015eube Kodu: <\/strong>00929<br><strong> Hesap No: <\/strong>22595400<br><strong>     IBAN: <\/strong>TR16 0011 1000 0000 0022 5954 00<\/pre>\n\n\n\n<p><strong>NOT:<\/strong> Kay\u0131t \u00fccretinin May\u0131s, Haziran ve Temmuz olmak \u00fczere 3 taksitle \u00f6denmesi m\u00fcmk\u00fcnd\u00fcr. L\u00fctfen kat\u0131l\u0131m \u00fccretini g\u00f6nderirken <strong>A\u00c7IKLAMA<\/strong> b\u00f6l\u00fcm\u00fcne <strong>VM Calistay &#8211; Ad\u0131n\u0131z\u0131 ve Soyad\u0131n\u0131z\u0131 ekleyiniz<\/strong>. \u00c7al\u0131\u015ftay \u00fccretinin \u00f6dendi\u011fini g\u00f6steren dekontu <a rel=\"noreferrer noopener\" href=\"mailto:vmyazokulu@gmail.com\" target=\"_blank\">vmyazokulu@gmail.com<\/a>&nbsp;adresine g\u00f6nderiniz <strong>(1 May\u0131s 2020 tarihine kadar 500TL&#8217;lik \u00f6n \u00f6demenin yap\u0131lmas\u0131 gerekmektedir)<\/strong>.<\/p>\n\n\n\n<h3 class=\"wp-block-heading\">Ula\u015f\u0131m<\/h3>\n\n\n\n<hr class=\"wp-block-separator\"\/>\n\n\n\n<p>Kat\u0131l\u0131mc\u0131lar\u0131m\u0131z \u00e7al\u0131\u015ftay yerine ula\u015fmak i\u00e7in; <strong>Dalaman Havaliman\u0131\u2019ndan Hava\u015f  ile Marmaris Otogar, Marmaris Otogar\u2019dan Turun\u00e7 minib\u00fcsleri ile TOVAK  Uluslararas\u0131 Marmaris Akademisi<\/strong> yolunu kullanabilirler.<\/p>\n\n\n\n<p>Dalaman Havaliman\u0131 ve <a href=\"https:\/\/verimadenciligi.tovak.org\/?page_id=274\">TOVAK Uluslararas\u0131 Marmaris Akademisi<\/a> aras\u0131 yakla\u015f\u0131k 2 saat s\u00fcrmektedir.<\/p>\n\n\n\n<h3 class=\"wp-block-heading\">\u00d6nemli&nbsp;Bilgiler<\/h3>\n\n\n\n<hr class=\"wp-block-separator\"\/>\n\n\n\n<p>\u00c7al\u0131\u015ftay sonunda kat\u0131l\u0131mc\u0131lara sertifika verilecektir (T\u00fcrkiye Bili\u015fim Derne\u011fi Veri Bilimi \u00c7al\u0131\u015fma Grubu ve T\u00fcrkiye Toplum Hizmetleri Vakf\u0131).<\/p>\n\n\n\n<p>Kat\u0131l\u0131mc\u0131lar, \u00e7al\u0131\u015ftaya gelirken ki\u015fisel diz\u00fcst\u00fc bilgisayarlar\u0131n\u0131 da yanlar\u0131nda mutlaka getirmelidir. \u00c7al\u0131\u015ftay \u00f6ncesinde diz\u00fcst\u00fc bilgisayarlara Java, <a rel=\"noreferrer noopener\" href=\"https:\/\/cran.r-project.org\/bin\/windows\/base\/R-3.3.1-win.exe\" target=\"_blank\">R 3.5.3<\/a> ve <a rel=\"noreferrer noopener\" href=\"https:\/\/www.rstudio.com\/products\/rstudio\/download\/\" target=\"_blank\">RStudio<\/a>&#8216;nun y\u00fcklenmi\u015f olmas\u0131 \u00f6nerilmektedir. 30 A\u011fustos 2019, Pazar ak\u015fam\u0131 ilgili yaz\u0131l\u0131mlar\u0131n bilgisayara y\u00fcklenmesi konusunda e\u011fitmenlerimiz kat\u0131l\u0131mc\u0131lar\u0131m\u0131za destek sa\u011flayacakt\u0131r. <\/p>\n\n\n\n<p>\u00c7al\u0131\u015ftaya <strong>kat\u0131l\u0131m 30 ki\u015filik kontenjanla s\u0131n\u0131rl\u0131d\u0131r<\/strong>.<\/p>\n\n\n\n<p>Her t\u00fcrl\u00fc sorunuz i\u00e7in&nbsp;<a rel=\"noreferrer noopener\" href=\"mailto:vmyazokulu@gmail.com\" target=\"_blank\">vmyazokulu@gmail.com<\/a>&nbsp;adresine e-posta g\u00f6nderebilirsiniz.<em><br><\/em><\/p>\n<div class=\"pvc_clear\"><\/div><p id=\"pvc_stats_1076\" class=\"pvc_stats all  \" data-element-id=\"1076\" style=\"\"><i class=\"pvc-stats-icon medium\" aria-hidden=\"true\"><svg aria-hidden=\"true\" focusable=\"false\" data-prefix=\"far\" data-icon=\"chart-bar\" role=\"img\" xmlns=\"http:\/\/www.w3.org\/2000\/svg\" viewBox=\"0 0 512 512\" class=\"svg-inline--fa fa-chart-bar fa-w-16 fa-2x\"><path fill=\"currentColor\" d=\"M396.8 352h22.4c6.4 0 12.8-6.4 12.8-12.8V108.8c0-6.4-6.4-12.8-12.8-12.8h-22.4c-6.4 0-12.8 6.4-12.8 12.8v230.4c0 6.4 6.4 12.8 12.8 12.8zm-192 0h22.4c6.4 0 12.8-6.4 12.8-12.8V140.8c0-6.4-6.4-12.8-12.8-12.8h-22.4c-6.4 0-12.8 6.4-12.8 12.8v198.4c0 6.4 6.4 12.8 12.8 12.8zm96 0h22.4c6.4 0 12.8-6.4 12.8-12.8V204.8c0-6.4-6.4-12.8-12.8-12.8h-22.4c-6.4 0-12.8 6.4-12.8 12.8v134.4c0 6.4 6.4 12.8 12.8 12.8zM496 400H48V80c0-8.84-7.16-16-16-16H16C7.16 64 0 71.16 0 80v336c0 17.67 14.33 32 32 32h464c8.84 0 16-7.16 16-16v-16c0-8.84-7.16-16-16-16zm-387.2-48h22.4c6.4 0 12.8-6.4 12.8-12.8v-70.4c0-6.4-6.4-12.8-12.8-12.8h-22.4c-6.4 0-12.8 6.4-12.8 12.8v70.4c0 6.4 6.4 12.8 12.8 12.8z\" class=\"\"><\/path><\/svg><\/i> <img loading=\"lazy\" decoding=\"async\" width=\"16\" height=\"16\" alt=\"Loading\" src=\"https:\/\/verimadenciligi.tovak.org\/wp-content\/plugins\/page-views-count\/ajax-loader-2x.gif\" border=0 \/><\/p><div class=\"pvc_clear\"><\/div>","protected":false},"excerpt":{"rendered":"<p>Ama\u00e7 G\u00fcn\u00fcm\u00fczde yaln\u0131zca bilginin toplanmas\u0131, depolanmas\u0131 ve klasik sorgu y\u00f6ntemleri ile bu ilgilere ula\u015f\u0131lmas\u0131 yetmemektedir. Kamu ve \u00f6zel sekt\u00f6rde yer alan organizasyonlar\u0131n ellerinde bulunan b\u00fcy\u00fck veriden (big data) ileriye d\u00f6n\u00fck tahminlerde bulunmas\u0131, \u00e7\u0131kar\u0131m yapmay\u0131 sa\u011flayacak gizli \u00f6r\u00fcnt\u00fcleri elde edebilmesi \u00f6nem ta\u015f\u0131maktad\u0131r. Veri madencili\u011fi fazla miktardaki veri aras\u0131ndan i\u015fe yarar bilginin \u00e7\u0131kar\u0131labilmesi i\u00e7in \u00e7e\u015fitli y\u00f6ntem ve [&hellip;]<\/p>\n<div class=\"pvc_clear\"><\/div>\n<p id=\"pvc_stats_1076\" class=\"pvc_stats all  \" data-element-id=\"1076\" style=\"\"><i class=\"pvc-stats-icon medium\" aria-hidden=\"true\"><svg aria-hidden=\"true\" focusable=\"false\" data-prefix=\"far\" data-icon=\"chart-bar\" role=\"img\" xmlns=\"http:\/\/www.w3.org\/2000\/svg\" viewBox=\"0 0 512 512\" class=\"svg-inline--fa fa-chart-bar fa-w-16 fa-2x\"><path fill=\"currentColor\" d=\"M396.8 352h22.4c6.4 0 12.8-6.4 12.8-12.8V108.8c0-6.4-6.4-12.8-12.8-12.8h-22.4c-6.4 0-12.8 6.4-12.8 12.8v230.4c0 6.4 6.4 12.8 12.8 12.8zm-192 0h22.4c6.4 0 12.8-6.4 12.8-12.8V140.8c0-6.4-6.4-12.8-12.8-12.8h-22.4c-6.4 0-12.8 6.4-12.8 12.8v198.4c0 6.4 6.4 12.8 12.8 12.8zm96 0h22.4c6.4 0 12.8-6.4 12.8-12.8V204.8c0-6.4-6.4-12.8-12.8-12.8h-22.4c-6.4 0-12.8 6.4-12.8 12.8v134.4c0 6.4 6.4 12.8 12.8 12.8zM496 400H48V80c0-8.84-7.16-16-16-16H16C7.16 64 0 71.16 0 80v336c0 17.67 14.33 32 32 32h464c8.84 0 16-7.16 16-16v-16c0-8.84-7.16-16-16-16zm-387.2-48h22.4c6.4 0 12.8-6.4 12.8-12.8v-70.4c0-6.4-6.4-12.8-12.8-12.8h-22.4c-6.4 0-12.8 6.4-12.8 12.8v70.4c0 6.4 6.4 12.8 12.8 12.8z\" class=\"\"><\/path><\/svg><\/i> <img loading=\"lazy\" decoding=\"async\" width=\"16\" height=\"16\" alt=\"Loading\" src=\"https:\/\/verimadenciligi.tovak.org\/wp-content\/plugins\/page-views-count\/ajax-loader-2x.gif\" border=0 \/><\/p>\n<div class=\"pvc_clear\"><\/div>\n","protected":false},"author":1,"featured_media":0,"parent":0,"menu_order":0,"comment_status":"closed","ping_status":"closed","template":"","meta":{"ngg_post_thumbnail":0,"footnotes":""},"_links":{"self":[{"href":"https:\/\/verimadenciligi.tovak.org\/index.php?rest_route=\/wp\/v2\/pages\/1076"}],"collection":[{"href":"https:\/\/verimadenciligi.tovak.org\/index.php?rest_route=\/wp\/v2\/pages"}],"about":[{"href":"https:\/\/verimadenciligi.tovak.org\/index.php?rest_route=\/wp\/v2\/types\/page"}],"author":[{"embeddable":true,"href":"https:\/\/verimadenciligi.tovak.org\/index.php?rest_route=\/wp\/v2\/users\/1"}],"replies":[{"embeddable":true,"href":"https:\/\/verimadenciligi.tovak.org\/index.php?rest_route=%2Fwp%2Fv2%2Fcomments&post=1076"}],"version-history":[{"count":38,"href":"https:\/\/verimadenciligi.tovak.org\/index.php?rest_route=\/wp\/v2\/pages\/1076\/revisions"}],"predecessor-version":[{"id":1296,"href":"https:\/\/verimadenciligi.tovak.org\/index.php?rest_route=\/wp\/v2\/pages\/1076\/revisions\/1296"}],"wp:attachment":[{"href":"https:\/\/verimadenciligi.tovak.org\/index.php?rest_route=%2Fwp%2Fv2%2Fmedia&parent=1076"}],"curies":[{"name":"wp","href":"https:\/\/api.w.org\/{rel}","templated":true}]}}