{"id":1163,"date":"2019-06-26T12:28:08","date_gmt":"2019-06-26T12:28:08","guid":{"rendered":"https:\/\/verimadenciligi.tovak.org\/?page_id=1163"},"modified":"2019-06-26T12:28:08","modified_gmt":"2019-06-26T12:28:08","slug":"prof-dr-m-erdal-balaban","status":"publish","type":"page","link":"https:\/\/verimadenciligi.tovak.org\/?page_id=1163","title":{"rendered":"Prof. Dr. M. Erdal BALABAN"},"content":{"rendered":"\n<h4 class=\"wp-block-heading\"><em>\u0130stanbul Geli\u015fim \u00dcniversitesi<\/em><br><em>\u0130ktisadi \u0130dari ve Sosyal Bilimler Fak\u00fcltesi<\/em><br><em>Y\u00f6netim Bili\u015fim Sistemleri B\u00f6l\u00fcm\u00fc<\/em> <\/h4>\n\n\n\n<p>1977 y\u0131l\u0131nda Hacettepe \u00dcniversitesi, Fen Fak\u00fcltesi-Y\u00fcksek Matematik B\u00f6l\u00fcm\u00fcn\u00fc, 1980 y\u0131l\u0131nda Bo\u011fazi\u00e7i \u00dcniversitesi, Bilgisayar Bilimleri&#8217;nde Y\u00fcksek Lisans\u0131n\u0131 tamamlam\u0131\u015ft\u0131r. \u00d6zel Sekt\u00f6rde Bilgi \u0130\u015flem Y\u00f6neticisi olarak bir s\u00fcre \u00e7al\u0131\u015ft\u0131ktan sonra \u0130stanbul \u00dcniversitesi, \u0130\u015fletme Fak\u00fcltesi, Matematik K\u00fcrs\u00fcs\u00fcne asistan olarak atanm\u0131\u015ft\u0131r. 1983 y\u0131l\u0131nda Say\u0131sal Y\u00f6ntemler Anabilim Dal\u0131nda doktoras\u0131n\u0131 tamamlam\u0131\u015f, 1989 y\u0131l\u0131nda Do\u00e7ent, 1996 y\u0131l\u0131nda \u0130\u015fletme Profes\u00f6r\u00fc \u00fcnvan\u0131 alm\u0131\u015ft\u0131r.<\/p>\n\n\n\n<p>\u0130stanbul \u00dcniversitesi, \u0130\u015fletme Fak\u00fcltesi yan\u0131 s\u0131ra bir\u00e7ok \u00fcniversitede \u0130\u015fletme Matemati\u011fi, Y\u00f6neylem Ara\u015ft\u0131rmas\u0131, Say\u0131sal Karar Verme Y\u00f6ntemleri konular\u0131nda dersler vermi\u015f ABD, Ball State University\u2019de misafir \u00f6\u011fretim \u00fcyesi olarak dersler vermi\u015ftir. Ulusal ve uluslararas\u0131 d\u00fczeyde bir\u00e7ok bilimsel makale ve bildirisi yay\u0131nlanm\u0131\u015f olup bir\u00e7ok konferansa, d\u00fczenleyici, oturum ba\u015fkanl\u0131\u011f\u0131, davetli konu\u015fmac\u0131 olarak katk\u0131lar sa\u011flam\u0131\u015ft\u0131r. T\u00fcrkiye Bili\u015fim Derne\u011fi, \u0130stanbul \u015eubesinin ve Matematik\u00e7iler Derne\u011fi\u2019nin onur \u00fcyesi olan M. Erdal Balaban, 2015 y\u0131l\u0131nda \u0130stanbul \u00dcniversitesi\u2019nden emekli olmu\u015f, 2019 y\u0131l\u0131ndan itibaren \u0130stanbul Geli\u015fim \u00dcniversitesi\u2019nde \u00e7al\u0131\u015fmalar\u0131n\u0131 s\u00fcrd\u00fcrmektedir. Veri Madencili\u011fi ve Makine \u00d6\u011frenmesi konusunda akademik \u00e7al\u0131\u015fmalar\u0131n\u0131 s\u00fcrd\u00fcrmekte, evli ve bir \u00e7ocuk babas\u0131d\u0131r.<\/p>\n\n\n\n<figure class=\"wp-block-image\"><img loading=\"lazy\" decoding=\"async\" width=\"1024\" height=\"512\" src=\"https:\/\/verimadenciligi.tovak.org\/wp-content\/uploads\/2019\/06\/10-1024x512.jpg\" alt=\"\" class=\"wp-image-1148\" srcset=\"https:\/\/verimadenciligi.tovak.org\/wp-content\/uploads\/2019\/06\/10.jpg 1024w, https:\/\/verimadenciligi.tovak.org\/wp-content\/uploads\/2019\/06\/10-300x150.jpg 300w, https:\/\/verimadenciligi.tovak.org\/wp-content\/uploads\/2019\/06\/10-768x384.jpg 768w\" sizes=\"(max-width: 1024px) 100vw, 1024px\" \/><\/figure>\n<div class=\"pvc_clear\"><\/div><p id=\"pvc_stats_1163\" class=\"pvc_stats all  \" data-element-id=\"1163\" style=\"\"><i class=\"pvc-stats-icon medium\" aria-hidden=\"true\"><svg aria-hidden=\"true\" focusable=\"false\" data-prefix=\"far\" data-icon=\"chart-bar\" role=\"img\" xmlns=\"http:\/\/www.w3.org\/2000\/svg\" viewBox=\"0 0 512 512\" class=\"svg-inline--fa fa-chart-bar fa-w-16 fa-2x\"><path fill=\"currentColor\" d=\"M396.8 352h22.4c6.4 0 12.8-6.4 12.8-12.8V108.8c0-6.4-6.4-12.8-12.8-12.8h-22.4c-6.4 0-12.8 6.4-12.8 12.8v230.4c0 6.4 6.4 12.8 12.8 12.8zm-192 0h22.4c6.4 0 12.8-6.4 12.8-12.8V140.8c0-6.4-6.4-12.8-12.8-12.8h-22.4c-6.4 0-12.8 6.4-12.8 12.8v198.4c0 6.4 6.4 12.8 12.8 12.8zm96 0h22.4c6.4 0 12.8-6.4 12.8-12.8V204.8c0-6.4-6.4-12.8-12.8-12.8h-22.4c-6.4 0-12.8 6.4-12.8 12.8v134.4c0 6.4 6.4 12.8 12.8 12.8zM496 400H48V80c0-8.84-7.16-16-16-16H16C7.16 64 0 71.16 0 80v336c0 17.67 14.33 32 32 32h464c8.84 0 16-7.16 16-16v-16c0-8.84-7.16-16-16-16zm-387.2-48h22.4c6.4 0 12.8-6.4 12.8-12.8v-70.4c0-6.4-6.4-12.8-12.8-12.8h-22.4c-6.4 0-12.8 6.4-12.8 12.8v70.4c0 6.4 6.4 12.8 12.8 12.8z\" class=\"\"><\/path><\/svg><\/i> <img loading=\"lazy\" decoding=\"async\" width=\"16\" height=\"16\" alt=\"Loading\" src=\"https:\/\/verimadenciligi.tovak.org\/wp-content\/plugins\/page-views-count\/ajax-loader-2x.gif\" border=0 \/><\/p><div class=\"pvc_clear\"><\/div>","protected":false},"excerpt":{"rendered":"<p>\u0130stanbul Geli\u015fim \u00dcniversitesi\u0130ktisadi \u0130dari ve Sosyal Bilimler Fak\u00fcltesiY\u00f6netim Bili\u015fim Sistemleri B\u00f6l\u00fcm\u00fc 1977 y\u0131l\u0131nda Hacettepe \u00dcniversitesi, Fen Fak\u00fcltesi-Y\u00fcksek Matematik B\u00f6l\u00fcm\u00fcn\u00fc, 1980 y\u0131l\u0131nda Bo\u011fazi\u00e7i \u00dcniversitesi, Bilgisayar Bilimleri&#8217;nde Y\u00fcksek Lisans\u0131n\u0131 tamamlam\u0131\u015ft\u0131r. \u00d6zel Sekt\u00f6rde Bilgi \u0130\u015flem Y\u00f6neticisi olarak bir s\u00fcre \u00e7al\u0131\u015ft\u0131ktan sonra \u0130stanbul \u00dcniversitesi, \u0130\u015fletme Fak\u00fcltesi, Matematik K\u00fcrs\u00fcs\u00fcne asistan olarak atanm\u0131\u015ft\u0131r. 1983 y\u0131l\u0131nda Say\u0131sal Y\u00f6ntemler Anabilim Dal\u0131nda doktoras\u0131n\u0131 tamamlam\u0131\u015f, [&hellip;]<\/p>\n<div class=\"pvc_clear\"><\/div>\n<p id=\"pvc_stats_1163\" class=\"pvc_stats all  \" data-element-id=\"1163\" style=\"\"><i class=\"pvc-stats-icon medium\" aria-hidden=\"true\"><svg aria-hidden=\"true\" focusable=\"false\" data-prefix=\"far\" data-icon=\"chart-bar\" role=\"img\" xmlns=\"http:\/\/www.w3.org\/2000\/svg\" viewBox=\"0 0 512 512\" class=\"svg-inline--fa fa-chart-bar fa-w-16 fa-2x\"><path fill=\"currentColor\" d=\"M396.8 352h22.4c6.4 0 12.8-6.4 12.8-12.8V108.8c0-6.4-6.4-12.8-12.8-12.8h-22.4c-6.4 0-12.8 6.4-12.8 12.8v230.4c0 6.4 6.4 12.8 12.8 12.8zm-192 0h22.4c6.4 0 12.8-6.4 12.8-12.8V140.8c0-6.4-6.4-12.8-12.8-12.8h-22.4c-6.4 0-12.8 6.4-12.8 12.8v198.4c0 6.4 6.4 12.8 12.8 12.8zm96 0h22.4c6.4 0 12.8-6.4 12.8-12.8V204.8c0-6.4-6.4-12.8-12.8-12.8h-22.4c-6.4 0-12.8 6.4-12.8 12.8v134.4c0 6.4 6.4 12.8 12.8 12.8zM496 400H48V80c0-8.84-7.16-16-16-16H16C7.16 64 0 71.16 0 80v336c0 17.67 14.33 32 32 32h464c8.84 0 16-7.16 16-16v-16c0-8.84-7.16-16-16-16zm-387.2-48h22.4c6.4 0 12.8-6.4 12.8-12.8v-70.4c0-6.4-6.4-12.8-12.8-12.8h-22.4c-6.4 0-12.8 6.4-12.8 12.8v70.4c0 6.4 6.4 12.8 12.8 12.8z\" class=\"\"><\/path><\/svg><\/i> <img loading=\"lazy\" decoding=\"async\" width=\"16\" height=\"16\" alt=\"Loading\" src=\"https:\/\/verimadenciligi.tovak.org\/wp-content\/plugins\/page-views-count\/ajax-loader-2x.gif\" border=0 \/><\/p>\n<div class=\"pvc_clear\"><\/div>\n","protected":false},"author":1,"featured_media":0,"parent":0,"menu_order":0,"comment_status":"closed","ping_status":"closed","template":"","meta":{"ngg_post_thumbnail":0,"footnotes":""},"_links":{"self":[{"href":"https:\/\/verimadenciligi.tovak.org\/index.php?rest_route=\/wp\/v2\/pages\/1163"}],"collection":[{"href":"https:\/\/verimadenciligi.tovak.org\/index.php?rest_route=\/wp\/v2\/pages"}],"about":[{"href":"https:\/\/verimadenciligi.tovak.org\/index.php?rest_route=\/wp\/v2\/types\/page"}],"author":[{"embeddable":true,"href":"https:\/\/verimadenciligi.tovak.org\/index.php?rest_route=\/wp\/v2\/users\/1"}],"replies":[{"embeddable":true,"href":"https:\/\/verimadenciligi.tovak.org\/index.php?rest_route=%2Fwp%2Fv2%2Fcomments&post=1163"}],"version-history":[{"count":1,"href":"https:\/\/verimadenciligi.tovak.org\/index.php?rest_route=\/wp\/v2\/pages\/1163\/revisions"}],"predecessor-version":[{"id":1165,"href":"https:\/\/verimadenciligi.tovak.org\/index.php?rest_route=\/wp\/v2\/pages\/1163\/revisions\/1165"}],"wp:attachment":[{"href":"https:\/\/verimadenciligi.tovak.org\/index.php?rest_route=%2Fwp%2Fv2%2Fmedia&parent=1163"}],"curies":[{"name":"wp","href":"https:\/\/api.w.org\/{rel}","templated":true}]}}