{"id":1178,"date":"2019-06-26T14:02:35","date_gmt":"2019-06-26T14:02:35","guid":{"rendered":"https:\/\/verimadenciligi.tovak.org\/?page_id=1178"},"modified":"2019-06-26T14:02:35","modified_gmt":"2019-06-26T14:02:35","slug":"dr-ogr-uyesi-l-sinem-sarul","status":"publish","type":"page","link":"https:\/\/verimadenciligi.tovak.org\/?page_id=1178","title":{"rendered":"Dr. \u00d6\u011fr. \u00dcyesi L. Sinem SARUL"},"content":{"rendered":"\n<h4 class=\"wp-block-heading\">\u0130stanbul \u00dcniversitesi<br>\u0130\u015fletme Fak\u00fcltesi <br>\u0130\u015fletme B\u00f6l\u00fcm\u00fc<\/h4>\n\n\n\n<p>2001 y\u0131l\u0131nda Mimar Sinan \u00dcniversitesi, Fen-Edebiyat\nFak\u00fcltesi, Matematik B\u00f6l\u00fcm\u00fc\u2019nden mezun olmu\u015ftur. 2005 y\u0131l\u0131nda \u0130stanbul\n\u00dcniversitesi \u0130\u015fletme Fak\u00fcltesi Say\u0131sal Y\u00f6ntemler Anabilim Dal\u0131\u2019nda Ara\u015ft\u0131rma\nG\u00f6revlisi olarak g\u00f6reve ba\u015flam\u0131\u015ft\u0131r. 2006 y\u0131l\u0131nda \u0130stanbul \u00dcniversitesi \u0130\u015fletme\nFak\u00fcltesi Say\u0131sal Y\u00f6ntemler Anabilim Dal\u0131\u2019nda y\u00fcksek lisans\u0131n\u0131 tamamlayarak\nayn\u0131 Anabilim Dal\u0131\u2019nda doktora program\u0131na ba\u015flam\u0131\u015ft\u0131r.<\/p>\n\n\n\n<p>2009-2010 y\u0131llar\u0131 aras\u0131nda Wisconsin \u00dcniversitesi, Akt\u00fcerya Bilimi, Risk Y\u00f6netimi ve Sigortac\u0131l\u0131k B\u00f6l\u00fcm\u00fc\u2019nde ziyaret\u00e7i \u00f6\u011fretim eleman\u0131 olarak \u00e7al\u0131\u015fmalar\u0131na devam etmi\u015ftir. 2012 y\u0131l\u0131nda \u0130stanbul \u00dcniversitesi \u0130\u015fletme Fak\u00fcltesi Say\u0131sal Y\u00f6ntemler Anabilim Dal\u0131\u2019nda doktoras\u0131n\u0131 tamamlayan L. Sinem SARUL, Temel Matematik, \u0130\u015fletme Matemati\u011fi, \u0130statistik, Say\u0131sal Karar Verme Teknikleri ve Lineer Cebir derslerini vermektedir. Halen \u0130stanbul \u00dcniversitesi \u0130\u015fletme Fak\u00fcltesi Say\u0131sal Y\u00f6ntemler Anabilim Dal\u0131\u2019nda Dr. \u00d6\u011fr. \u00dcyesi olarak akademik \u00e7al\u0131\u015fmalar\u0131na devam etmektedir.<\/p>\n\n\n\n<figure class=\"wp-block-image\"><img loading=\"lazy\" decoding=\"async\" width=\"1024\" height=\"512\" src=\"https:\/\/verimadenciligi.tovak.org\/wp-content\/uploads\/2019\/06\/14-1024x512.jpg\" alt=\"\" class=\"wp-image-1152\" srcset=\"https:\/\/verimadenciligi.tovak.org\/wp-content\/uploads\/2019\/06\/14.jpg 1024w, https:\/\/verimadenciligi.tovak.org\/wp-content\/uploads\/2019\/06\/14-300x150.jpg 300w, https:\/\/verimadenciligi.tovak.org\/wp-content\/uploads\/2019\/06\/14-768x384.jpg 768w\" sizes=\"(max-width: 1024px) 100vw, 1024px\" \/><\/figure>\n<div class=\"pvc_clear\"><\/div><p id=\"pvc_stats_1178\" class=\"pvc_stats all  \" data-element-id=\"1178\" style=\"\"><i class=\"pvc-stats-icon medium\" aria-hidden=\"true\"><svg aria-hidden=\"true\" focusable=\"false\" data-prefix=\"far\" data-icon=\"chart-bar\" role=\"img\" xmlns=\"http:\/\/www.w3.org\/2000\/svg\" viewBox=\"0 0 512 512\" class=\"svg-inline--fa fa-chart-bar fa-w-16 fa-2x\"><path fill=\"currentColor\" d=\"M396.8 352h22.4c6.4 0 12.8-6.4 12.8-12.8V108.8c0-6.4-6.4-12.8-12.8-12.8h-22.4c-6.4 0-12.8 6.4-12.8 12.8v230.4c0 6.4 6.4 12.8 12.8 12.8zm-192 0h22.4c6.4 0 12.8-6.4 12.8-12.8V140.8c0-6.4-6.4-12.8-12.8-12.8h-22.4c-6.4 0-12.8 6.4-12.8 12.8v198.4c0 6.4 6.4 12.8 12.8 12.8zm96 0h22.4c6.4 0 12.8-6.4 12.8-12.8V204.8c0-6.4-6.4-12.8-12.8-12.8h-22.4c-6.4 0-12.8 6.4-12.8 12.8v134.4c0 6.4 6.4 12.8 12.8 12.8zM496 400H48V80c0-8.84-7.16-16-16-16H16C7.16 64 0 71.16 0 80v336c0 17.67 14.33 32 32 32h464c8.84 0 16-7.16 16-16v-16c0-8.84-7.16-16-16-16zm-387.2-48h22.4c6.4 0 12.8-6.4 12.8-12.8v-70.4c0-6.4-6.4-12.8-12.8-12.8h-22.4c-6.4 0-12.8 6.4-12.8 12.8v70.4c0 6.4 6.4 12.8 12.8 12.8z\" class=\"\"><\/path><\/svg><\/i> <img loading=\"lazy\" decoding=\"async\" width=\"16\" height=\"16\" alt=\"Loading\" src=\"https:\/\/verimadenciligi.tovak.org\/wp-content\/plugins\/page-views-count\/ajax-loader-2x.gif\" border=0 \/><\/p><div class=\"pvc_clear\"><\/div>","protected":false},"excerpt":{"rendered":"<p>\u0130stanbul \u00dcniversitesi\u0130\u015fletme Fak\u00fcltesi \u0130\u015fletme B\u00f6l\u00fcm\u00fc 2001 y\u0131l\u0131nda Mimar Sinan \u00dcniversitesi, Fen-Edebiyat Fak\u00fcltesi, Matematik B\u00f6l\u00fcm\u00fc\u2019nden mezun olmu\u015ftur. 2005 y\u0131l\u0131nda \u0130stanbul \u00dcniversitesi \u0130\u015fletme Fak\u00fcltesi Say\u0131sal Y\u00f6ntemler Anabilim Dal\u0131\u2019nda Ara\u015ft\u0131rma G\u00f6revlisi olarak g\u00f6reve ba\u015flam\u0131\u015ft\u0131r. 2006 y\u0131l\u0131nda \u0130stanbul \u00dcniversitesi \u0130\u015fletme Fak\u00fcltesi Say\u0131sal Y\u00f6ntemler Anabilim Dal\u0131\u2019nda y\u00fcksek lisans\u0131n\u0131 tamamlayarak ayn\u0131 Anabilim Dal\u0131\u2019nda doktora program\u0131na ba\u015flam\u0131\u015ft\u0131r. 2009-2010 y\u0131llar\u0131 aras\u0131nda Wisconsin \u00dcniversitesi, [&hellip;]<\/p>\n<div class=\"pvc_clear\"><\/div>\n<p id=\"pvc_stats_1178\" class=\"pvc_stats all  \" data-element-id=\"1178\" style=\"\"><i class=\"pvc-stats-icon medium\" aria-hidden=\"true\"><svg aria-hidden=\"true\" focusable=\"false\" data-prefix=\"far\" data-icon=\"chart-bar\" role=\"img\" xmlns=\"http:\/\/www.w3.org\/2000\/svg\" viewBox=\"0 0 512 512\" class=\"svg-inline--fa fa-chart-bar fa-w-16 fa-2x\"><path fill=\"currentColor\" d=\"M396.8 352h22.4c6.4 0 12.8-6.4 12.8-12.8V108.8c0-6.4-6.4-12.8-12.8-12.8h-22.4c-6.4 0-12.8 6.4-12.8 12.8v230.4c0 6.4 6.4 12.8 12.8 12.8zm-192 0h22.4c6.4 0 12.8-6.4 12.8-12.8V140.8c0-6.4-6.4-12.8-12.8-12.8h-22.4c-6.4 0-12.8 6.4-12.8 12.8v198.4c0 6.4 6.4 12.8 12.8 12.8zm96 0h22.4c6.4 0 12.8-6.4 12.8-12.8V204.8c0-6.4-6.4-12.8-12.8-12.8h-22.4c-6.4 0-12.8 6.4-12.8 12.8v134.4c0 6.4 6.4 12.8 12.8 12.8zM496 400H48V80c0-8.84-7.16-16-16-16H16C7.16 64 0 71.16 0 80v336c0 17.67 14.33 32 32 32h464c8.84 0 16-7.16 16-16v-16c0-8.84-7.16-16-16-16zm-387.2-48h22.4c6.4 0 12.8-6.4 12.8-12.8v-70.4c0-6.4-6.4-12.8-12.8-12.8h-22.4c-6.4 0-12.8 6.4-12.8 12.8v70.4c0 6.4 6.4 12.8 12.8 12.8z\" class=\"\"><\/path><\/svg><\/i> <img loading=\"lazy\" decoding=\"async\" width=\"16\" height=\"16\" alt=\"Loading\" src=\"https:\/\/verimadenciligi.tovak.org\/wp-content\/plugins\/page-views-count\/ajax-loader-2x.gif\" border=0 \/><\/p>\n<div class=\"pvc_clear\"><\/div>\n","protected":false},"author":1,"featured_media":0,"parent":0,"menu_order":0,"comment_status":"closed","ping_status":"closed","template":"","meta":{"ngg_post_thumbnail":0,"footnotes":""},"_links":{"self":[{"href":"https:\/\/verimadenciligi.tovak.org\/index.php?rest_route=\/wp\/v2\/pages\/1178"}],"collection":[{"href":"https:\/\/verimadenciligi.tovak.org\/index.php?rest_route=\/wp\/v2\/pages"}],"about":[{"href":"https:\/\/verimadenciligi.tovak.org\/index.php?rest_route=\/wp\/v2\/types\/page"}],"author":[{"embeddable":true,"href":"https:\/\/verimadenciligi.tovak.org\/index.php?rest_route=\/wp\/v2\/users\/1"}],"replies":[{"embeddable":true,"href":"https:\/\/verimadenciligi.tovak.org\/index.php?rest_route=%2Fwp%2Fv2%2Fcomments&post=1178"}],"version-history":[{"count":1,"href":"https:\/\/verimadenciligi.tovak.org\/index.php?rest_route=\/wp\/v2\/pages\/1178\/revisions"}],"predecessor-version":[{"id":1180,"href":"https:\/\/verimadenciligi.tovak.org\/index.php?rest_route=\/wp\/v2\/pages\/1178\/revisions\/1180"}],"wp:attachment":[{"href":"https:\/\/verimadenciligi.tovak.org\/index.php?rest_route=%2Fwp%2Fv2%2Fmedia&parent=1178"}],"curies":[{"name":"wp","href":"https:\/\/api.w.org\/{rel}","templated":true}]}}