{"id":1390,"date":"2022-04-12T18:57:08","date_gmt":"2022-04-12T18:57:08","guid":{"rendered":"https:\/\/verimadenciligi.tovak.org\/?page_id=1390"},"modified":"2024-05-22T10:36:26","modified_gmt":"2024-05-22T10:36:26","slug":"on-kayit-ve-odeme-2","status":"publish","type":"page","link":"https:\/\/verimadenciligi.tovak.org\/?page_id=1390","title":{"rendered":"\u00d6n Kay\u0131t ve \u00d6deme"},"content":{"rendered":"\n<p>\u00c7al\u0131\u015ftaya kay\u0131t yapt\u0131rmak i\u00e7in l\u00fctfen \u00f6ncelikle <a href=\"https:\/\/forms.gle\/b4kkMZVtnpqjvXnE9\" target=\"_blank\" rel=\"noreferrer noopener\">\u00f6n kay\u0131t formu<\/a>nu doldurunuz. \u00c7al\u0131\u015ftay kayd\u0131n\u0131z\u0131n kesinle\u015fmesi i\u00e7in l\u00fctfen<strong> 7.000 TL<\/strong>&#8216;lik \u00f6n \u00f6demenin yap\u0131ld\u0131\u011f\u0131n\u0131 g\u00f6steren dekontu <strong>30 Haziran 2024<\/strong> <strong>tarihine kadar<\/strong> <a href=\"mailto:vmyazokulu@gmail.com\" target=\"_blank\" rel=\"noreferrer noopener\">vmyazokulu@gmail<\/a> adresine g\u00f6nderiniz. \u00c7al\u0131\u015ftaya kat\u0131lamama durumunuzda \u00f6n \u00f6deme \u00fccreti iade edilmeyecektir.<\/p>\n\n\n\n<p>\u00c7al\u0131\u015ftay \u00fccreti; konaklama (payla\u015f\u0131ml\u0131 oda), kahvalt\u0131, \u00f6\u011fle yeme\u011fi ve ak\u015fam yeme\u011fi olmak \u00fczere toplam \u00fccret payla\u015f\u0131ml\u0131 odada ki\u015fi ba\u015f\u0131 <strong>22.000TL<\/strong>\u2018dir.<\/p>\n\n\n\n<p>\u00c7al\u0131\u015ftaya kat\u0131l\u0131m 30 ki\u015filik kontenjanla s\u0131n\u0131rl\u0131d\u0131r. \u00d6demeler Haziran, Temmuz ve A\u011fustos olmak \u00fczere 3 taksitle yap\u0131labilecek olup 16 A\u011fustos 2024\u2019e kadar t\u00fcm \u00f6demelerin tamamlanm\u0131\u015f olmas\u0131 gerekmektedir.<\/p>\n\n\n\n<p><strong>KAYIT \u00dcCRET\u0130 \u0130\u00c7\u0130N BANKA HESAP B\u0130LG\u0130LER\u0130<\/strong><\/p>\n\n\n\n<p><strong>T\u00dcRK L\u0130RASI (\u20ba) HESABI<\/strong><\/p>\n\n\n\n<pre class=\"wp-block-preformatted\"><strong>ALICI:<\/strong> Akademi Turizm Reklamc\u0131l\u0131k Sanat \u00dcr\u00fcnleri Tan\u0131t\u0131m<br>ve Dan\u0131\u015fmanl\u0131k Limited \u015eirketi <br><strong>Finansbank Ac\u0131badem \u015eubesi<\/strong><br><strong>\u015eube Kodu: <\/strong>00929<br><strong> Hesap No: <\/strong>22595400<br><strong>     IBAN: <\/strong>TR16 0011 1000 0000 0022 5954 00<\/pre>\n<div class=\"pvc_clear\"><\/div><p id=\"pvc_stats_1390\" class=\"pvc_stats all  \" data-element-id=\"1390\" style=\"\"><i class=\"pvc-stats-icon medium\" aria-hidden=\"true\"><svg aria-hidden=\"true\" focusable=\"false\" data-prefix=\"far\" data-icon=\"chart-bar\" role=\"img\" xmlns=\"http:\/\/www.w3.org\/2000\/svg\" viewBox=\"0 0 512 512\" class=\"svg-inline--fa fa-chart-bar fa-w-16 fa-2x\"><path fill=\"currentColor\" d=\"M396.8 352h22.4c6.4 0 12.8-6.4 12.8-12.8V108.8c0-6.4-6.4-12.8-12.8-12.8h-22.4c-6.4 0-12.8 6.4-12.8 12.8v230.4c0 6.4 6.4 12.8 12.8 12.8zm-192 0h22.4c6.4 0 12.8-6.4 12.8-12.8V140.8c0-6.4-6.4-12.8-12.8-12.8h-22.4c-6.4 0-12.8 6.4-12.8 12.8v198.4c0 6.4 6.4 12.8 12.8 12.8zm96 0h22.4c6.4 0 12.8-6.4 12.8-12.8V204.8c0-6.4-6.4-12.8-12.8-12.8h-22.4c-6.4 0-12.8 6.4-12.8 12.8v134.4c0 6.4 6.4 12.8 12.8 12.8zM496 400H48V80c0-8.84-7.16-16-16-16H16C7.16 64 0 71.16 0 80v336c0 17.67 14.33 32 32 32h464c8.84 0 16-7.16 16-16v-16c0-8.84-7.16-16-16-16zm-387.2-48h22.4c6.4 0 12.8-6.4 12.8-12.8v-70.4c0-6.4-6.4-12.8-12.8-12.8h-22.4c-6.4 0-12.8 6.4-12.8 12.8v70.4c0 6.4 6.4 12.8 12.8 12.8z\" class=\"\"><\/path><\/svg><\/i> <img loading=\"lazy\" decoding=\"async\" width=\"16\" height=\"16\" alt=\"Loading\" src=\"https:\/\/verimadenciligi.tovak.org\/wp-content\/plugins\/page-views-count\/ajax-loader-2x.gif\" border=0 \/><\/p><div class=\"pvc_clear\"><\/div>","protected":false},"excerpt":{"rendered":"<p>\u00c7al\u0131\u015ftaya kay\u0131t yapt\u0131rmak i\u00e7in l\u00fctfen \u00f6ncelikle \u00f6n kay\u0131t formunu doldurunuz. \u00c7al\u0131\u015ftay kayd\u0131n\u0131z\u0131n kesinle\u015fmesi i\u00e7in l\u00fctfen 7.000 TL&#8216;lik \u00f6n \u00f6demenin yap\u0131ld\u0131\u011f\u0131n\u0131 g\u00f6steren dekontu 30 Haziran 2024 tarihine kadar vmyazokulu@gmail adresine g\u00f6nderiniz. \u00c7al\u0131\u015ftaya kat\u0131lamama durumunuzda \u00f6n \u00f6deme \u00fccreti iade edilmeyecektir. \u00c7al\u0131\u015ftay \u00fccreti; konaklama (payla\u015f\u0131ml\u0131 oda), kahvalt\u0131, \u00f6\u011fle yeme\u011fi ve ak\u015fam yeme\u011fi olmak \u00fczere toplam \u00fccret payla\u015f\u0131ml\u0131 odada [&hellip;]<\/p>\n<div class=\"pvc_clear\"><\/div>\n<p id=\"pvc_stats_1390\" class=\"pvc_stats all  \" data-element-id=\"1390\" style=\"\"><i class=\"pvc-stats-icon medium\" aria-hidden=\"true\"><svg aria-hidden=\"true\" focusable=\"false\" data-prefix=\"far\" data-icon=\"chart-bar\" role=\"img\" xmlns=\"http:\/\/www.w3.org\/2000\/svg\" viewBox=\"0 0 512 512\" class=\"svg-inline--fa fa-chart-bar fa-w-16 fa-2x\"><path fill=\"currentColor\" d=\"M396.8 352h22.4c6.4 0 12.8-6.4 12.8-12.8V108.8c0-6.4-6.4-12.8-12.8-12.8h-22.4c-6.4 0-12.8 6.4-12.8 12.8v230.4c0 6.4 6.4 12.8 12.8 12.8zm-192 0h22.4c6.4 0 12.8-6.4 12.8-12.8V140.8c0-6.4-6.4-12.8-12.8-12.8h-22.4c-6.4 0-12.8 6.4-12.8 12.8v198.4c0 6.4 6.4 12.8 12.8 12.8zm96 0h22.4c6.4 0 12.8-6.4 12.8-12.8V204.8c0-6.4-6.4-12.8-12.8-12.8h-22.4c-6.4 0-12.8 6.4-12.8 12.8v134.4c0 6.4 6.4 12.8 12.8 12.8zM496 400H48V80c0-8.84-7.16-16-16-16H16C7.16 64 0 71.16 0 80v336c0 17.67 14.33 32 32 32h464c8.84 0 16-7.16 16-16v-16c0-8.84-7.16-16-16-16zm-387.2-48h22.4c6.4 0 12.8-6.4 12.8-12.8v-70.4c0-6.4-6.4-12.8-12.8-12.8h-22.4c-6.4 0-12.8 6.4-12.8 12.8v70.4c0 6.4 6.4 12.8 12.8 12.8z\" class=\"\"><\/path><\/svg><\/i> <img loading=\"lazy\" decoding=\"async\" width=\"16\" height=\"16\" alt=\"Loading\" src=\"https:\/\/verimadenciligi.tovak.org\/wp-content\/plugins\/page-views-count\/ajax-loader-2x.gif\" border=0 \/><\/p>\n<div class=\"pvc_clear\"><\/div>\n","protected":false},"author":1,"featured_media":0,"parent":0,"menu_order":0,"comment_status":"closed","ping_status":"closed","template":"","meta":{"ngg_post_thumbnail":0,"footnotes":""},"_links":{"self":[{"href":"https:\/\/verimadenciligi.tovak.org\/index.php?rest_route=\/wp\/v2\/pages\/1390"}],"collection":[{"href":"https:\/\/verimadenciligi.tovak.org\/index.php?rest_route=\/wp\/v2\/pages"}],"about":[{"href":"https:\/\/verimadenciligi.tovak.org\/index.php?rest_route=\/wp\/v2\/types\/page"}],"author":[{"embeddable":true,"href":"https:\/\/verimadenciligi.tovak.org\/index.php?rest_route=\/wp\/v2\/users\/1"}],"replies":[{"embeddable":true,"href":"https:\/\/verimadenciligi.tovak.org\/index.php?rest_route=%2Fwp%2Fv2%2Fcomments&post=1390"}],"version-history":[{"count":14,"href":"https:\/\/verimadenciligi.tovak.org\/index.php?rest_route=\/wp\/v2\/pages\/1390\/revisions"}],"predecessor-version":[{"id":1906,"href":"https:\/\/verimadenciligi.tovak.org\/index.php?rest_route=\/wp\/v2\/pages\/1390\/revisions\/1906"}],"wp:attachment":[{"href":"https:\/\/verimadenciligi.tovak.org\/index.php?rest_route=%2Fwp%2Fv2%2Fmedia&parent=1390"}],"curies":[{"name":"wp","href":"https:\/\/api.w.org\/{rel}","templated":true}]}}