{"id":1401,"date":"2022-04-12T19:24:11","date_gmt":"2022-04-12T19:24:11","guid":{"rendered":"https:\/\/verimadenciligi.tovak.org\/?page_id=1401"},"modified":"2024-05-22T10:32:26","modified_gmt":"2024-05-22T10:32:26","slug":"genel-bilgiler-5","status":"publish","type":"page","link":"https:\/\/verimadenciligi.tovak.org\/?page_id=1401","title":{"rendered":"Genel Bilgiler"},"content":{"rendered":"\n<h2 class=\"wp-block-heading\"><strong>Ama\u00e7<\/strong><\/h2>\n\n\n\n<hr class=\"wp-block-separator has-css-opacity\"\/>\n\n\n\n<p>Yapay zek\u00e2, makine \u00f6\u011frenmesi, veri madencili\u011fi ve b\u00fcy\u00fck dil modelleri (Large Language Models &#8211; LLMs), g\u00fcn\u00fcm\u00fczde bir\u00e7ok end\u00fcstride b\u00fcy\u00fck bir etkiye sahiptir. Bu teknolojilerin geli\u015fimi, i\u015f s\u00fcre\u00e7lerinin otomasyonunu, daha iyi karar verme yeteneklerini ve insanlarla daha do\u011fal bir \u015fekilde etkile\u015fim kurabilme yeteneklerini sa\u011flamaktad\u0131r. Gelecekte, yapay zek\u00e2 ve makine \u00f6\u011frenmesi alan\u0131ndaki ilerlemeler, daha da b\u00fcy\u00fck bir d\u00f6n\u00fc\u015f\u00fcm getirecek ve insan ya\u015fam\u0131n\u0131 bir\u00e7ok a\u00e7\u0131dan iyile\u015ftirecektir.<\/p>\n\n\n\n<h3 class=\"wp-block-heading\">\ud83d\ude80 Kat\u0131l\u0131mc\u0131lar\u0131 Yeni Bir Ke\u015ffe Davet Ediyoruz! <\/h3>\n\n\n\n<p>\ud83d\udd0d <strong>VIII. Disiplinleraras\u0131 Uygulamal\u0131 Veri Madencili\u011fi \u00c7al\u0131\u015ftay\u0131 2024<\/strong>: B\u00fcy\u00fck Dil Modelleri ve Python Programlama ile Veri Madencili\u011fi Maceras\u0131 Ba\u015fl\u0131yor!<\/p>\n\n\n\n<p>\ud83c\udfaf Hedefimiz? B\u00fcy\u00fck dil modelleri destekli Python programlama dili kullanarak veri madencili\u011fi algoritmalar\u0131n\u0131 prati\u011fe d\u00f6kmek!<\/p>\n\n\n\n<p>\ud83c\udf1f Siz de bu heyecan verici yolculu\u011fa kat\u0131larak, veri madencili\u011finin temellerini \u00f6\u011frenmek ve b\u00fcy\u00fck dil modellerinin g\u00fcc\u00fcn\u00fc ke\u015ffetmek i\u00e7in en iyi f\u0131rsat\u0131 yakalay\u0131n!<\/p>\n\n\n\n<h3 class=\"wp-block-heading\">\ud83d\udd11 \u00c7al\u0131\u015ftay\u0131n \u0130\u00e7eri\u011fi<\/h3>\n\n\n\n<ul>\n<li><strong>Temel Bilgilere Odaklanma: <\/strong>Veri madencili\u011fi ve b\u00fcy\u00fck dil modelleri hakk\u0131nda kapsaml\u0131 bir giri\u015f.<\/li>\n\n\n\n<li><strong>Pratik Uygulamalar: <\/strong>S\u0131n\u0131fland\u0131rma, regresyon, k\u00fcmeleme gibi s\u0131k\u00e7a kar\u015f\u0131la\u015f\u0131lan veri madencili\u011fi problemleri \u00fczerinde ger\u00e7ek veri setleriyle analizler yapma. Ayr\u0131ca, program kat\u0131l\u0131mc\u0131larla birlikte uygulanacak olan vak&#8217;a analizleri ile zenginle\u015ftirilmi\u015ftir. E\u011fitmenlerimiz sa\u011fl\u0131k, t\u0131p, finans gibi alanlarda sekt\u00f6rel uygulamalar\u0131 de\u011ferli kat\u0131l\u0131mc\u0131lar\u0131m\u0131zla birlikte ger\u00e7ekle\u015ftirecektir.<\/li>\n\n\n\n<li><strong>Analizlerin Yorumlanmas\u0131: <\/strong>Yap\u0131lan analizlerden elde edilen sonu\u00e7lar\u0131 do\u011fru bir \u015fekilde yorumlama becerisi kazand\u0131r\u0131lacakt\u0131r.<\/li>\n<\/ul>\n\n\n\n<p>\ud83c\udfd6\ufe0f Ve Unutmay\u0131n! Program sonras\u0131nda serbest zaman\u0131n\u0131z\u0131 deniz, g\u00fcne\u015f ve kumla ge\u00e7irebilirsiniz!<\/p>\n\n\n\n<p>\ud83c\udf93<strong> Kat\u0131l\u0131m Belgesi: <\/strong>\u00c7al\u0131\u015ftay\u0131n ba\u015far\u0131yla tamamlanmas\u0131n\u0131n ard\u0131ndan kat\u0131l\u0131mc\u0131lara kat\u0131l\u0131m belgesi verilecektir (T\u00fcrkiye Bili\u015fim Derne\u011fi Veri Bilimi \u00c7al\u0131\u015fma Grubu ve T\u00fcrkiye Toplum Hizmetleri Vakf\u0131).<\/p>\n\n\n\n<h3 class=\"wp-block-heading\">\ud83d\udcbc Kimler Kat\u0131lmal\u0131?<\/h3>\n\n\n\n<ul>\n<li>Yapay zek\u00e2, makine \u00f6\u011frenmesi, veri madencili\u011fi, veri bilimi alanlar\u0131nda kariyer yapmak isteyenler.<\/li>\n\n\n\n<li>Python programlama dilini kullanarak veri analizi yapmay\u0131 \u00f6\u011frenmek isteyenler.<\/li>\n\n\n\n<li>B\u00fcy\u00fck dil modellerinin g\u00fcc\u00fcn\u00fc ke\u015ffetmek isteyen \u00f6\u011frenciler, akademisyenler, ara\u015ft\u0131rmac\u0131lar ve profesyoneller.<\/li>\n<\/ul>\n\n\n\n<hr class=\"wp-block-separator has-css-opacity\"\/>\n\n\n\n<h2 class=\"wp-block-heading\"><strong>\u00c7al\u0131\u015ftay Organizasyonu<\/strong><\/h2>\n\n\n\n<p>\u00c7al\u0131\u015ftay; <a rel=\"noreferrer noopener\" href=\"https:\/\/www.tbd.org.tr\/veri-bilimi-calisma-grubu\/\" target=\"_blank\">T\u00fcrkiye Bili\u015fim Derne\u011fi \u0130stanbul \u015eubesi Veri Bilimi \u00c7al\u0131\u015fma Grubu<\/a> ve  <a rel=\"noreferrer noopener\" href=\"http:\/\/www.tovak.org\/\" target=\"_blank\">T\u00fcrkiye Toplum Hizmetleri Vakf\u0131 (TOVAK)<\/a> i\u015fbirli\u011fi ile <a rel=\"noreferrer noopener\" href=\"https:\/\/www.akademimarmaris.net\/\" target=\"_blank\">TOVAK Uluslararas\u0131 Marmaris Akademisi<\/a>&#8216;nde ger\u00e7ekle\u015ftirilecektir.<\/p>\n\n\n\n<p><strong>\u00c7al\u0131\u015ftay Onursal Ba\u015fkan\u0131<\/strong><\/p>\n\n\n\n<ul>\n<li>Prof. Dr. M. Erdal Balaban<\/li>\n<\/ul>\n\n\n\n<p><strong>D\u00fczenleme Kurulu Ba\u015fkan\u0131<\/strong><\/p>\n\n\n\n<ul>\n<li>Do\u00e7. Dr. Elif Kartal<\/li>\n<\/ul>\n\n\n\n<p><strong>D\u00fczenleme Kurulu \u00dcyeleri<\/strong><\/p>\n\n\n\n<ul>\n<li>Prof. Dr. G\u00f6khan Silahtaro\u011flu<\/li>\n\n\n\n<li>Do\u00e7. Dr. F. \u00d6nay Ko\u00e7o\u011flu<\/li>\n\n\n\n<li>Do\u00e7. Dr. Zeki \u00d6zen<\/li>\n\n\n\n<li>Dr. \u00d6\u011fr. \u00dcyesi Ay\u015fe \u00c7\u0131nar<\/li>\n\n\n\n<li>Dr. \u00d6\u011fr. \u00dcyesi G\u00f6k\u00e7e Karahan Adal\u0131<\/li>\n\n\n\n<li>Dr. \u00d6\u011fr. \u00dcyesi \u0130lkim Ecem Emre<\/li>\n\n\n\n<li>Dr. \u00d6\u011fr. \u00dcyesi L. Sinem Sarul<\/li>\n<\/ul>\n\n\n\n<h2 class=\"wp-block-heading\"><strong>Kay\u0131t<\/strong><\/h2>\n\n\n\n<hr class=\"wp-block-separator has-css-opacity\"\/>\n\n\n\n<p>\u00c7al\u0131\u015ftay \u00f6n kay\u0131tlar\u0131 ba\u015flam\u0131\u015ft\u0131r. <a href=\"https:\/\/forms.gle\/HoUZzG5yykU5et2GA\" target=\"_blank\" rel=\"noreferrer noopener\">\u00d6n kay\u0131t formu<\/a>nu doldurulduktan sonra <strong>\u00e7al\u0131\u015ftay kayd\u0131n\u0131n\u00a0kesinle\u015fmesi<\/strong>, <strong>7.000TL<\/strong>&#8216;lik \u00f6n \u00f6demenin yap\u0131ld\u0131\u011f\u0131n\u0131 g\u00f6steren dekontun 30 Haziran 2024 tarihine kadar <a href=\"mailto:vmyazokulu@gmail.com\" target=\"_blank\" rel=\"noreferrer noopener\">vmyazokulu@gmail.com<\/a>\u00a0adresine g\u00f6nderilmesiyle ger\u00e7ekle\u015fecektir. Ger\u00e7ekle\u015ftirilen t\u00fcm \u00f6deme dekontlar\u0131n\u0131n bu adrese g\u00f6nderilmesi gerekmektedir.<\/p>\n\n\n\n<h2 class=\"wp-block-heading\"><strong>Kat\u0131l\u0131m \u00dccreti ve Konaklama<\/strong><\/h2>\n\n\n\n<hr class=\"wp-block-separator has-css-opacity\"\/>\n\n\n\n<p><strong>25 A\u011fustos 2024<\/strong> Pazar (Giri\u015f) &#8211; <strong>1 Eyl\u00fcl 202<\/strong>4 Pazar (\u00c7\u0131k\u0131\u015f) tarihleri aras\u0131nda yap\u0131lacak \u00e7al\u0131\u015ftay \u00fccreti;<\/p>\n\n\n\n<ul>\n<li>konaklama (payla\u015f\u0131ml\u0131 oda),<\/li>\n\n\n\n<li>kahvalt\u0131, \u00f6\u011fle yeme\u011fi ve ak\u015fam yeme\u011fi,<\/li>\n<\/ul>\n\n\n\n<p>olmak \u00fczere toplam \u00fccret payla\u015f\u0131ml\u0131 odada ki\u015fi ba\u015f\u0131 <strong>22.000TL<\/strong>&#8216;dir.<\/p>\n\n\n\n<p>\u00c7al\u0131\u015ftaya kat\u0131l\u0131m 30 ki\u015filik kontenjanla s\u0131n\u0131rl\u0131d\u0131r. Etkinlik boyunca TOVAK Uluslararas\u0131 Marmaris Akademisi yaln\u0131zca \u00e7al\u0131\u015ftay kat\u0131l\u0131mc\u0131lar\u0131n\u0131n kullan\u0131m\u0131na tahsis edilmektedir. \u00d6demeler Haziran, Temmuz ve A\u011fustos olmak \u00fczere 3 taksitle yap\u0131labilecek olup 16 A\u011fustos 2024&#8217;e kadar t\u00fcm \u00f6demelerin tamamlanm\u0131\u015f olmas\u0131 gerekmektedir.<\/p>\n\n\n\n<h4 class=\"wp-block-heading\"><strong>KAYIT \u00dcCRET\u0130 \u0130\u00c7\u0130N BANKA HESAP B\u0130LG\u0130LER\u0130<\/strong><\/h4>\n\n\n\n<h4 class=\"wp-block-heading\">T\u00dcRK L\u0130RASI (\u20ba) HESABI<\/h4>\n\n\n\n<pre class=\"wp-block-preformatted\"><strong>ALICI:<\/strong> Akademi Turizm Reklamc\u0131l\u0131k Sanat \u00dcr\u00fcnleri Tan\u0131t\u0131m\nve Dan\u0131\u015fmanl\u0131k Limited \u015eirketi \n<strong>Finansbank Ac\u0131badem \u015eubesi<\/strong>\n<strong>\u015eube Kodu: <\/strong>00929\n<strong> Hesap No: <\/strong>22595400\n<strong>     IBAN: <\/strong>TR16 0011 1000 0000 0022 5954 00<\/pre>\n\n\n\n<p><strong>NOT:<\/strong> L\u00fctfen kat\u0131l\u0131m \u00fccretini g\u00f6nderirken <strong>A\u00c7IKLAMA<\/strong> b\u00f6l\u00fcm\u00fcne <strong>VM Calistay &#8211; Ad\u0131n\u0131z\u0131 ve Soyad\u0131n\u0131z\u0131 ekleyiniz<\/strong>. \u00c7al\u0131\u015ftay \u00fccretinin \u00f6dendi\u011fini g\u00f6steren dekontu <a rel=\"noreferrer noopener\" href=\"mailto:vmyazokulu@gmail.com\" target=\"_blank\">vmyazokulu@gmail.com<\/a>&nbsp;adresine g\u00f6nderiniz.<\/p>\n\n\n\n<h2 class=\"wp-block-heading\"><strong>Ula\u015f\u0131m<\/strong><\/h2>\n\n\n\n<hr class=\"wp-block-separator has-css-opacity\"\/>\n\n\n\n<p>Kat\u0131l\u0131mc\u0131lar\u0131m\u0131z \u00e7al\u0131\u015ftay yerine ula\u015fmak i\u00e7in; <strong>Dalaman Havaliman\u0131\u2019ndan Hava\u015f  ile Marmaris Otogar, Marmaris Otogar\u2019dan Turun\u00e7 minib\u00fcsleri ile TOVAK  Uluslararas\u0131 Marmaris Akademisi<\/strong> yolunu kullanabilirler.<\/p>\n\n\n\n<p>Dalaman Havaliman\u0131 ve <a href=\"https:\/\/verimadenciligi.tovak.org\/?page_id=274\">TOVAK Uluslararas\u0131 Marmaris Akademisi<\/a> aras\u0131 yakla\u015f\u0131k 2 saat s\u00fcrmektedir.<\/p>\n\n\n\n<h2 class=\"wp-block-heading\">\u00d6nemli Bilgiler<\/h2>\n\n\n\n<hr class=\"wp-block-separator has-css-opacity\"\/>\n\n\n\n<p>Kat\u0131l\u0131mc\u0131lar, \u00e7al\u0131\u015ftaya gelirken ki\u015fisel diz\u00fcst\u00fc bilgisayarlar\u0131n\u0131 da yanlar\u0131nda mutlaka getirmelidir. \u00c7al\u0131\u015ftay \u00f6ncesinde diz\u00fcst\u00fc bilgisayarlara <a href=\"https:\/\/www.python.org\/downloads\/\" target=\"_blank\" rel=\"noreferrer noopener\">Python<\/a> programlama dili ve <a href=\"https:\/\/www.spyder-ide.org\/\">Spyder<\/a>&#8216;\u0131n y\u00fcklenmi\u015f olmas\u0131 \u00f6nerilmektedir. 25 A\u011fustos 2024, Pazar ak\u015fam\u0131 ilgili yaz\u0131l\u0131mlar\u0131n bilgisayara y\u00fcklenmesi konusunda e\u011fitmenlerimiz kat\u0131l\u0131mc\u0131lar\u0131m\u0131za destek sa\u011flayacakt\u0131r. Ayr\u0131ca kat\u0131l\u0131mc\u0131lar\u0131m\u0131z Python&#8217;da deneyimli olduklar\u0131 bir edit\u00f6r\u00fc de kullanabilirler.<\/p>\n\n\n\n<p>\u00c7al\u0131\u015ftaya <strong>kat\u0131l\u0131m 30 ki\u015filik kontenjanla s\u0131n\u0131rl\u0131d\u0131r<\/strong>.<\/p>\n\n\n\n<p>Her t\u00fcrl\u00fc sorunuz i\u00e7in&nbsp;<a rel=\"noreferrer noopener\" href=\"mailto:vmyazokulu@gmail.com\" target=\"_blank\">vmyazokulu@gmail.com<\/a>&nbsp;adresine e-posta g\u00f6nderebilirsiniz.<\/p>\n<div class=\"pvc_clear\"><\/div><p id=\"pvc_stats_1401\" class=\"pvc_stats all  \" data-element-id=\"1401\" style=\"\"><i class=\"pvc-stats-icon medium\" aria-hidden=\"true\"><svg aria-hidden=\"true\" focusable=\"false\" data-prefix=\"far\" data-icon=\"chart-bar\" role=\"img\" xmlns=\"http:\/\/www.w3.org\/2000\/svg\" viewBox=\"0 0 512 512\" class=\"svg-inline--fa fa-chart-bar fa-w-16 fa-2x\"><path fill=\"currentColor\" d=\"M396.8 352h22.4c6.4 0 12.8-6.4 12.8-12.8V108.8c0-6.4-6.4-12.8-12.8-12.8h-22.4c-6.4 0-12.8 6.4-12.8 12.8v230.4c0 6.4 6.4 12.8 12.8 12.8zm-192 0h22.4c6.4 0 12.8-6.4 12.8-12.8V140.8c0-6.4-6.4-12.8-12.8-12.8h-22.4c-6.4 0-12.8 6.4-12.8 12.8v198.4c0 6.4 6.4 12.8 12.8 12.8zm96 0h22.4c6.4 0 12.8-6.4 12.8-12.8V204.8c0-6.4-6.4-12.8-12.8-12.8h-22.4c-6.4 0-12.8 6.4-12.8 12.8v134.4c0 6.4 6.4 12.8 12.8 12.8zM496 400H48V80c0-8.84-7.16-16-16-16H16C7.16 64 0 71.16 0 80v336c0 17.67 14.33 32 32 32h464c8.84 0 16-7.16 16-16v-16c0-8.84-7.16-16-16-16zm-387.2-48h22.4c6.4 0 12.8-6.4 12.8-12.8v-70.4c0-6.4-6.4-12.8-12.8-12.8h-22.4c-6.4 0-12.8 6.4-12.8 12.8v70.4c0 6.4 6.4 12.8 12.8 12.8z\" class=\"\"><\/path><\/svg><\/i> <img loading=\"lazy\" decoding=\"async\" width=\"16\" height=\"16\" alt=\"Loading\" src=\"https:\/\/verimadenciligi.tovak.org\/wp-content\/plugins\/page-views-count\/ajax-loader-2x.gif\" border=0 \/><\/p><div class=\"pvc_clear\"><\/div>","protected":false},"excerpt":{"rendered":"<p>Ama\u00e7 Yapay zek\u00e2, makine \u00f6\u011frenmesi, veri madencili\u011fi ve b\u00fcy\u00fck dil modelleri (Large Language Models &#8211; LLMs), g\u00fcn\u00fcm\u00fczde bir\u00e7ok end\u00fcstride b\u00fcy\u00fck bir etkiye sahiptir. Bu teknolojilerin geli\u015fimi, i\u015f s\u00fcre\u00e7lerinin otomasyonunu, daha iyi karar verme yeteneklerini ve insanlarla daha do\u011fal bir \u015fekilde etkile\u015fim kurabilme yeteneklerini sa\u011flamaktad\u0131r. Gelecekte, yapay zek\u00e2 ve makine \u00f6\u011frenmesi alan\u0131ndaki ilerlemeler, daha da b\u00fcy\u00fck [&hellip;]<\/p>\n<div class=\"pvc_clear\"><\/div>\n<p id=\"pvc_stats_1401\" class=\"pvc_stats all  \" data-element-id=\"1401\" style=\"\"><i class=\"pvc-stats-icon medium\" aria-hidden=\"true\"><svg aria-hidden=\"true\" focusable=\"false\" data-prefix=\"far\" data-icon=\"chart-bar\" role=\"img\" xmlns=\"http:\/\/www.w3.org\/2000\/svg\" viewBox=\"0 0 512 512\" class=\"svg-inline--fa fa-chart-bar fa-w-16 fa-2x\"><path fill=\"currentColor\" d=\"M396.8 352h22.4c6.4 0 12.8-6.4 12.8-12.8V108.8c0-6.4-6.4-12.8-12.8-12.8h-22.4c-6.4 0-12.8 6.4-12.8 12.8v230.4c0 6.4 6.4 12.8 12.8 12.8zm-192 0h22.4c6.4 0 12.8-6.4 12.8-12.8V140.8c0-6.4-6.4-12.8-12.8-12.8h-22.4c-6.4 0-12.8 6.4-12.8 12.8v198.4c0 6.4 6.4 12.8 12.8 12.8zm96 0h22.4c6.4 0 12.8-6.4 12.8-12.8V204.8c0-6.4-6.4-12.8-12.8-12.8h-22.4c-6.4 0-12.8 6.4-12.8 12.8v134.4c0 6.4 6.4 12.8 12.8 12.8zM496 400H48V80c0-8.84-7.16-16-16-16H16C7.16 64 0 71.16 0 80v336c0 17.67 14.33 32 32 32h464c8.84 0 16-7.16 16-16v-16c0-8.84-7.16-16-16-16zm-387.2-48h22.4c6.4 0 12.8-6.4 12.8-12.8v-70.4c0-6.4-6.4-12.8-12.8-12.8h-22.4c-6.4 0-12.8 6.4-12.8 12.8v70.4c0 6.4 6.4 12.8 12.8 12.8z\" class=\"\"><\/path><\/svg><\/i> <img loading=\"lazy\" decoding=\"async\" width=\"16\" height=\"16\" alt=\"Loading\" src=\"https:\/\/verimadenciligi.tovak.org\/wp-content\/plugins\/page-views-count\/ajax-loader-2x.gif\" border=0 \/><\/p>\n<div class=\"pvc_clear\"><\/div>\n","protected":false},"author":1,"featured_media":0,"parent":0,"menu_order":0,"comment_status":"closed","ping_status":"closed","template":"","meta":{"ngg_post_thumbnail":0,"footnotes":""},"_links":{"self":[{"href":"https:\/\/verimadenciligi.tovak.org\/index.php?rest_route=\/wp\/v2\/pages\/1401"}],"collection":[{"href":"https:\/\/verimadenciligi.tovak.org\/index.php?rest_route=\/wp\/v2\/pages"}],"about":[{"href":"https:\/\/verimadenciligi.tovak.org\/index.php?rest_route=\/wp\/v2\/types\/page"}],"author":[{"embeddable":true,"href":"https:\/\/verimadenciligi.tovak.org\/index.php?rest_route=\/wp\/v2\/users\/1"}],"replies":[{"embeddable":true,"href":"https:\/\/verimadenciligi.tovak.org\/index.php?rest_route=%2Fwp%2Fv2%2Fcomments&post=1401"}],"version-history":[{"count":40,"href":"https:\/\/verimadenciligi.tovak.org\/index.php?rest_route=\/wp\/v2\/pages\/1401\/revisions"}],"predecessor-version":[{"id":1905,"href":"https:\/\/verimadenciligi.tovak.org\/index.php?rest_route=\/wp\/v2\/pages\/1401\/revisions\/1905"}],"wp:attachment":[{"href":"https:\/\/verimadenciligi.tovak.org\/index.php?rest_route=%2Fwp%2Fv2%2Fmedia&parent=1401"}],"curies":[{"name":"wp","href":"https:\/\/api.w.org\/{rel}","templated":true}]}}