{"id":1480,"date":"2022-04-22T10:56:56","date_gmt":"2022-04-22T10:56:56","guid":{"rendered":"https:\/\/verimadenciligi.tovak.org\/?page_id=1480"},"modified":"2024-04-03T09:07:58","modified_gmt":"2024-04-03T09:07:58","slug":"calistay-posteri","status":"publish","type":"page","link":"https:\/\/verimadenciligi.tovak.org\/?page_id=1480","title":{"rendered":"\u00c7al\u0131\u015ftay Posteri"},"content":{"rendered":"\n<figure class=\"wp-block-image size-large\"><a href=\"https:\/\/verimadenciligi.tovak.org\/wp-content\/uploads\/2024\/04\/calistay24.jpg\"><img loading=\"lazy\" decoding=\"async\" width=\"726\" height=\"1024\" src=\"https:\/\/verimadenciligi.tovak.org\/wp-content\/uploads\/2024\/04\/calistay24-726x1024.jpg\" alt=\"\" class=\"wp-image-1851\" srcset=\"https:\/\/verimadenciligi.tovak.org\/wp-content\/uploads\/2024\/04\/calistay24-726x1024.jpg 726w, https:\/\/verimadenciligi.tovak.org\/wp-content\/uploads\/2024\/04\/calistay24-213x300.jpg 213w, https:\/\/verimadenciligi.tovak.org\/wp-content\/uploads\/2024\/04\/calistay24-768x1083.jpg 768w, https:\/\/verimadenciligi.tovak.org\/wp-content\/uploads\/2024\/04\/calistay24-1090x1536.jpg 1090w, https:\/\/verimadenciligi.tovak.org\/wp-content\/uploads\/2024\/04\/calistay24.jpg 1240w\" sizes=\"(max-width: 726px) 100vw, 726px\" \/><\/a><\/figure>\n<div class=\"pvc_clear\"><\/div><p id=\"pvc_stats_1480\" class=\"pvc_stats all  \" data-element-id=\"1480\" style=\"\"><i class=\"pvc-stats-icon medium\" aria-hidden=\"true\"><svg aria-hidden=\"true\" focusable=\"false\" data-prefix=\"far\" data-icon=\"chart-bar\" role=\"img\" xmlns=\"http:\/\/www.w3.org\/2000\/svg\" viewBox=\"0 0 512 512\" class=\"svg-inline--fa fa-chart-bar fa-w-16 fa-2x\"><path fill=\"currentColor\" d=\"M396.8 352h22.4c6.4 0 12.8-6.4 12.8-12.8V108.8c0-6.4-6.4-12.8-12.8-12.8h-22.4c-6.4 0-12.8 6.4-12.8 12.8v230.4c0 6.4 6.4 12.8 12.8 12.8zm-192 0h22.4c6.4 0 12.8-6.4 12.8-12.8V140.8c0-6.4-6.4-12.8-12.8-12.8h-22.4c-6.4 0-12.8 6.4-12.8 12.8v198.4c0 6.4 6.4 12.8 12.8 12.8zm96 0h22.4c6.4 0 12.8-6.4 12.8-12.8V204.8c0-6.4-6.4-12.8-12.8-12.8h-22.4c-6.4 0-12.8 6.4-12.8 12.8v134.4c0 6.4 6.4 12.8 12.8 12.8zM496 400H48V80c0-8.84-7.16-16-16-16H16C7.16 64 0 71.16 0 80v336c0 17.67 14.33 32 32 32h464c8.84 0 16-7.16 16-16v-16c0-8.84-7.16-16-16-16zm-387.2-48h22.4c6.4 0 12.8-6.4 12.8-12.8v-70.4c0-6.4-6.4-12.8-12.8-12.8h-22.4c-6.4 0-12.8 6.4-12.8 12.8v70.4c0 6.4 6.4 12.8 12.8 12.8z\" class=\"\"><\/path><\/svg><\/i> <img loading=\"lazy\" decoding=\"async\" width=\"16\" height=\"16\" alt=\"Loading\" src=\"https:\/\/verimadenciligi.tovak.org\/wp-content\/plugins\/page-views-count\/ajax-loader-2x.gif\" border=0 \/><\/p><div class=\"pvc_clear\"><\/div>","protected":false},"excerpt":{"rendered":"<div class=\"pvc_clear\"><\/div>\n<p id=\"pvc_stats_1480\" class=\"pvc_stats all  \" data-element-id=\"1480\" style=\"\"><i class=\"pvc-stats-icon medium\" aria-hidden=\"true\"><svg aria-hidden=\"true\" focusable=\"false\" data-prefix=\"far\" data-icon=\"chart-bar\" role=\"img\" xmlns=\"http:\/\/www.w3.org\/2000\/svg\" viewBox=\"0 0 512 512\" class=\"svg-inline--fa fa-chart-bar fa-w-16 fa-2x\"><path fill=\"currentColor\" d=\"M396.8 352h22.4c6.4 0 12.8-6.4 12.8-12.8V108.8c0-6.4-6.4-12.8-12.8-12.8h-22.4c-6.4 0-12.8 6.4-12.8 12.8v230.4c0 6.4 6.4 12.8 12.8 12.8zm-192 0h22.4c6.4 0 12.8-6.4 12.8-12.8V140.8c0-6.4-6.4-12.8-12.8-12.8h-22.4c-6.4 0-12.8 6.4-12.8 12.8v198.4c0 6.4 6.4 12.8 12.8 12.8zm96 0h22.4c6.4 0 12.8-6.4 12.8-12.8V204.8c0-6.4-6.4-12.8-12.8-12.8h-22.4c-6.4 0-12.8 6.4-12.8 12.8v134.4c0 6.4 6.4 12.8 12.8 12.8zM496 400H48V80c0-8.84-7.16-16-16-16H16C7.16 64 0 71.16 0 80v336c0 17.67 14.33 32 32 32h464c8.84 0 16-7.16 16-16v-16c0-8.84-7.16-16-16-16zm-387.2-48h22.4c6.4 0 12.8-6.4 12.8-12.8v-70.4c0-6.4-6.4-12.8-12.8-12.8h-22.4c-6.4 0-12.8 6.4-12.8 12.8v70.4c0 6.4 6.4 12.8 12.8 12.8z\" class=\"\"><\/path><\/svg><\/i> <img loading=\"lazy\" decoding=\"async\" width=\"16\" height=\"16\" alt=\"Loading\" src=\"https:\/\/verimadenciligi.tovak.org\/wp-content\/plugins\/page-views-count\/ajax-loader-2x.gif\" border=0 \/><\/p>\n<div class=\"pvc_clear\"><\/div>\n","protected":false},"author":1,"featured_media":0,"parent":0,"menu_order":0,"comment_status":"closed","ping_status":"closed","template":"","meta":{"ngg_post_thumbnail":0,"footnotes":""},"_links":{"self":[{"href":"https:\/\/verimadenciligi.tovak.org\/index.php?rest_route=\/wp\/v2\/pages\/1480"}],"collection":[{"href":"https:\/\/verimadenciligi.tovak.org\/index.php?rest_route=\/wp\/v2\/pages"}],"about":[{"href":"https:\/\/verimadenciligi.tovak.org\/index.php?rest_route=\/wp\/v2\/types\/page"}],"author":[{"embeddable":true,"href":"https:\/\/verimadenciligi.tovak.org\/index.php?rest_route=\/wp\/v2\/users\/1"}],"replies":[{"embeddable":true,"href":"https:\/\/verimadenciligi.tovak.org\/index.php?rest_route=%2Fwp%2Fv2%2Fcomments&post=1480"}],"version-history":[{"count":5,"href":"https:\/\/verimadenciligi.tovak.org\/index.php?rest_route=\/wp\/v2\/pages\/1480\/revisions"}],"predecessor-version":[{"id":1852,"href":"https:\/\/verimadenciligi.tovak.org\/index.php?rest_route=\/wp\/v2\/pages\/1480\/revisions\/1852"}],"wp:attachment":[{"href":"https:\/\/verimadenciligi.tovak.org\/index.php?rest_route=%2Fwp%2Fv2%2Fmedia&parent=1480"}],"curies":[{"name":"wp","href":"https:\/\/api.w.org\/{rel}","templated":true}]}}