{"id":274,"date":"2015-01-27T08:36:49","date_gmt":"2015-01-27T08:36:49","guid":{"rendered":"https:\/\/verimadenciligi.tovak.org\/?page_id=274"},"modified":"2022-04-20T07:06:11","modified_gmt":"2022-04-20T07:06:11","slug":"calistay-yeri","status":"publish","type":"page","link":"https:\/\/verimadenciligi.tovak.org\/?page_id=274","title":{"rendered":"Lokasyon\/Ula\u015f\u0131m"},"content":{"rendered":"\n<hr class=\"wp-block-separator\"\/>\n\n\n\n<p><a title=\"TOVAK ULUSLARARASI MARMAR\u0130S AKADEM\u0130S\u0130\" rel=\"noopener noreferrer\" href=\"http:\/\/www.akademimarmaris.net\/\" target=\"_blank\">TOVAK ULUSLARARASI MARMAR\u0130S AKADEM\u0130S\u0130<\/a><\/p>\n\n\n\n<p><strong>Adres:<br><\/strong>Turun\u00e7 Beldesi Kayg\u0131seki Mevki<br>Marmaris &#8211; Mu\u011fla, T\u00fcrkiye <\/p>\n\n\n<!-- index.php -->\n<div\n\tclass=\"ngg-galleryoverview\n\t ngg-ajax-pagination-none\t\"\n\tid=\"ngg-gallery-7c11a70b000dda76d489382c12899f4a-1\">\n\n\t\t<div class=\"slideshowlink\">\n\t\t<a href='https:\/\/verimadenciligi.tovak.org\/index.php\/nggallery\/slideshow?page_id=274'>[Show slideshow]<\/a>\n\t\t\n\t<\/div>\n\t\t\t<!-- Thumbnails -->\n\t\t\t\t<div id=\"ngg-image-0\" class=\"ngg-gallery-thumbnail-box\" \n\t\t\t\t\t\t\t\t\t\t\t>\n\t\t\t\t\t\t<div class=\"ngg-gallery-thumbnail\">\n\t\t\t<a href=\"https:\/\/verimadenciligi.tovak.org\/wp-content\/gallery\/uma\/01.JPG\"\n\t\t\t\ttitle=\"\"\n\t\t\t\tdata-src=\"https:\/\/verimadenciligi.tovak.org\/wp-content\/gallery\/uma\/01.JPG\"\n\t\t\t\tdata-thumbnail=\"https:\/\/verimadenciligi.tovak.org\/wp-content\/gallery\/uma\/thumbs\/thumbs_01.JPG\"\n\t\t\t\tdata-image-id=\"68\"\n\t\t\t\tdata-title=\"01\"\n\t\t\t\tdata-description=\"\"\n\t\t\t\tdata-image-slug=\"01\"\n\t\t\t\tclass=\"ngg-fancybox\" rel=\"7c11a70b000dda76d489382c12899f4a\">\n\t\t\t\t<img\n\t\t\t\t\ttitle=\"01\"\n\t\t\t\t\talt=\"01\"\n\t\t\t\t\tsrc=\"https:\/\/verimadenciligi.tovak.org\/wp-content\/gallery\/uma\/thumbs\/thumbs_01.JPG\"\n\t\t\t\t\twidth=\"120\"\n\t\t\t\t\theight=\"90\"\n\t\t\t\t\tstyle=\"max-width:100%;\"\n\t\t\t\t\/>\n\t\t\t<\/a>\n\t\t<\/div>\n\t\t\t\t\t\t\t<\/div> \n\t\t\t\n\t\t\n\t\t\t\t<div id=\"ngg-image-1\" class=\"ngg-gallery-thumbnail-box\" \n\t\t\t\t\t\t\t\t\t\t\t>\n\t\t\t\t\t\t<div class=\"ngg-gallery-thumbnail\">\n\t\t\t<a href=\"https:\/\/verimadenciligi.tovak.org\/wp-content\/gallery\/uma\/02.jpg\"\n\t\t\t\ttitle=\" \"\n\t\t\t\tdata-src=\"https:\/\/verimadenciligi.tovak.org\/wp-content\/gallery\/uma\/02.jpg\"\n\t\t\t\tdata-thumbnail=\"https:\/\/verimadenciligi.tovak.org\/wp-content\/gallery\/uma\/thumbs\/thumbs_02.jpg\"\n\t\t\t\tdata-image-id=\"69\"\n\t\t\t\tdata-title=\"02\"\n\t\t\t\tdata-description=\" \"\n\t\t\t\tdata-image-slug=\"02\"\n\t\t\t\tclass=\"ngg-fancybox\" rel=\"7c11a70b000dda76d489382c12899f4a\">\n\t\t\t\t<img\n\t\t\t\t\ttitle=\"02\"\n\t\t\t\t\talt=\"02\"\n\t\t\t\t\tsrc=\"https:\/\/verimadenciligi.tovak.org\/wp-content\/gallery\/uma\/thumbs\/thumbs_02.jpg\"\n\t\t\t\t\twidth=\"120\"\n\t\t\t\t\theight=\"90\"\n\t\t\t\t\tstyle=\"max-width:100%;\"\n\t\t\t\t\/>\n\t\t\t<\/a>\n\t\t<\/div>\n\t\t\t\t\t\t\t<\/div> \n\t\t\t\n\t\t\n\t\t\t\t<div id=\"ngg-image-2\" class=\"ngg-gallery-thumbnail-box\" \n\t\t\t\t\t\t\t\t\t\t\t>\n\t\t\t\t\t\t<div class=\"ngg-gallery-thumbnail\">\n\t\t\t<a href=\"https:\/\/verimadenciligi.tovak.org\/wp-content\/gallery\/uma\/03.jpg\"\n\t\t\t\ttitle=\" \"\n\t\t\t\tdata-src=\"https:\/\/verimadenciligi.tovak.org\/wp-content\/gallery\/uma\/03.jpg\"\n\t\t\t\tdata-thumbnail=\"https:\/\/verimadenciligi.tovak.org\/wp-content\/gallery\/uma\/thumbs\/thumbs_03.jpg\"\n\t\t\t\tdata-image-id=\"70\"\n\t\t\t\tdata-title=\"03\"\n\t\t\t\tdata-description=\" \"\n\t\t\t\tdata-image-slug=\"03\"\n\t\t\t\tclass=\"ngg-fancybox\" rel=\"7c11a70b000dda76d489382c12899f4a\">\n\t\t\t\t<img\n\t\t\t\t\ttitle=\"03\"\n\t\t\t\t\talt=\"03\"\n\t\t\t\t\tsrc=\"https:\/\/verimadenciligi.tovak.org\/wp-content\/gallery\/uma\/thumbs\/thumbs_03.jpg\"\n\t\t\t\t\twidth=\"120\"\n\t\t\t\t\theight=\"90\"\n\t\t\t\t\tstyle=\"max-width:100%;\"\n\t\t\t\t\/>\n\t\t\t<\/a>\n\t\t<\/div>\n\t\t\t\t\t\t\t<\/div> \n\t\t\t\n\t\t\n\t\t\t\t<div id=\"ngg-image-3\" class=\"ngg-gallery-thumbnail-box\" \n\t\t\t\t\t\t\t\t\t\t\t>\n\t\t\t\t\t\t<div class=\"ngg-gallery-thumbnail\">\n\t\t\t<a href=\"https:\/\/verimadenciligi.tovak.org\/wp-content\/gallery\/uma\/04.jpg\"\n\t\t\t\ttitle=\" \"\n\t\t\t\tdata-src=\"https:\/\/verimadenciligi.tovak.org\/wp-content\/gallery\/uma\/04.jpg\"\n\t\t\t\tdata-thumbnail=\"https:\/\/verimadenciligi.tovak.org\/wp-content\/gallery\/uma\/thumbs\/thumbs_04.jpg\"\n\t\t\t\tdata-image-id=\"71\"\n\t\t\t\tdata-title=\"04\"\n\t\t\t\tdata-description=\" \"\n\t\t\t\tdata-image-slug=\"04\"\n\t\t\t\tclass=\"ngg-fancybox\" rel=\"7c11a70b000dda76d489382c12899f4a\">\n\t\t\t\t<img\n\t\t\t\t\ttitle=\"04\"\n\t\t\t\t\talt=\"04\"\n\t\t\t\t\tsrc=\"https:\/\/verimadenciligi.tovak.org\/wp-content\/gallery\/uma\/thumbs\/thumbs_04.jpg\"\n\t\t\t\t\twidth=\"120\"\n\t\t\t\t\theight=\"90\"\n\t\t\t\t\tstyle=\"max-width:100%;\"\n\t\t\t\t\/>\n\t\t\t<\/a>\n\t\t<\/div>\n\t\t\t\t\t\t\t<\/div> \n\t\t\t\n\t\t\n\t\t\t\t<div id=\"ngg-image-4\" class=\"ngg-gallery-thumbnail-box\" \n\t\t\t\t\t\t\t\t\t\t\t>\n\t\t\t\t\t\t<div class=\"ngg-gallery-thumbnail\">\n\t\t\t<a href=\"https:\/\/verimadenciligi.tovak.org\/wp-content\/gallery\/uma\/05.jpg\"\n\t\t\t\ttitle=\" \"\n\t\t\t\tdata-src=\"https:\/\/verimadenciligi.tovak.org\/wp-content\/gallery\/uma\/05.jpg\"\n\t\t\t\tdata-thumbnail=\"https:\/\/verimadenciligi.tovak.org\/wp-content\/gallery\/uma\/thumbs\/thumbs_05.jpg\"\n\t\t\t\tdata-image-id=\"72\"\n\t\t\t\tdata-title=\"05\"\n\t\t\t\tdata-description=\" \"\n\t\t\t\tdata-image-slug=\"05\"\n\t\t\t\tclass=\"ngg-fancybox\" rel=\"7c11a70b000dda76d489382c12899f4a\">\n\t\t\t\t<img\n\t\t\t\t\ttitle=\"05\"\n\t\t\t\t\talt=\"05\"\n\t\t\t\t\tsrc=\"https:\/\/verimadenciligi.tovak.org\/wp-content\/gallery\/uma\/thumbs\/thumbs_05.jpg\"\n\t\t\t\t\twidth=\"120\"\n\t\t\t\t\theight=\"90\"\n\t\t\t\t\tstyle=\"max-width:100%;\"\n\t\t\t\t\/>\n\t\t\t<\/a>\n\t\t<\/div>\n\t\t\t\t\t\t\t<\/div> \n\t\t\t\n\t\t\n\t\t\t\t<div id=\"ngg-image-5\" class=\"ngg-gallery-thumbnail-box\" \n\t\t\t\t\t\t\t\t\t\t\t>\n\t\t\t\t\t\t<div class=\"ngg-gallery-thumbnail\">\n\t\t\t<a href=\"https:\/\/verimadenciligi.tovak.org\/wp-content\/gallery\/uma\/06.jpg\"\n\t\t\t\ttitle=\" \"\n\t\t\t\tdata-src=\"https:\/\/verimadenciligi.tovak.org\/wp-content\/gallery\/uma\/06.jpg\"\n\t\t\t\tdata-thumbnail=\"https:\/\/verimadenciligi.tovak.org\/wp-content\/gallery\/uma\/thumbs\/thumbs_06.jpg\"\n\t\t\t\tdata-image-id=\"73\"\n\t\t\t\tdata-title=\"06\"\n\t\t\t\tdata-description=\" \"\n\t\t\t\tdata-image-slug=\"06\"\n\t\t\t\tclass=\"ngg-fancybox\" rel=\"7c11a70b000dda76d489382c12899f4a\">\n\t\t\t\t<img\n\t\t\t\t\ttitle=\"06\"\n\t\t\t\t\talt=\"06\"\n\t\t\t\t\tsrc=\"https:\/\/verimadenciligi.tovak.org\/wp-content\/gallery\/uma\/thumbs\/thumbs_06.jpg\"\n\t\t\t\t\twidth=\"120\"\n\t\t\t\t\theight=\"90\"\n\t\t\t\t\tstyle=\"max-width:100%;\"\n\t\t\t\t\/>\n\t\t\t<\/a>\n\t\t<\/div>\n\t\t\t\t\t\t\t<\/div> \n\t\t\t\n\t\t\n\t\t\t\t<div id=\"ngg-image-6\" class=\"ngg-gallery-thumbnail-box\" \n\t\t\t\t\t\t\t\t\t\t\t>\n\t\t\t\t\t\t<div class=\"ngg-gallery-thumbnail\">\n\t\t\t<a href=\"https:\/\/verimadenciligi.tovak.org\/wp-content\/gallery\/uma\/07.jpg\"\n\t\t\t\ttitle=\" \"\n\t\t\t\tdata-src=\"https:\/\/verimadenciligi.tovak.org\/wp-content\/gallery\/uma\/07.jpg\"\n\t\t\t\tdata-thumbnail=\"https:\/\/verimadenciligi.tovak.org\/wp-content\/gallery\/uma\/thumbs\/thumbs_07.jpg\"\n\t\t\t\tdata-image-id=\"74\"\n\t\t\t\tdata-title=\"07\"\n\t\t\t\tdata-description=\" \"\n\t\t\t\tdata-image-slug=\"07\"\n\t\t\t\tclass=\"ngg-fancybox\" rel=\"7c11a70b000dda76d489382c12899f4a\">\n\t\t\t\t<img\n\t\t\t\t\ttitle=\"07\"\n\t\t\t\t\talt=\"07\"\n\t\t\t\t\tsrc=\"https:\/\/verimadenciligi.tovak.org\/wp-content\/gallery\/uma\/thumbs\/thumbs_07.jpg\"\n\t\t\t\t\twidth=\"120\"\n\t\t\t\t\theight=\"90\"\n\t\t\t\t\tstyle=\"max-width:100%;\"\n\t\t\t\t\/>\n\t\t\t<\/a>\n\t\t<\/div>\n\t\t\t\t\t\t\t<\/div> \n\t\t\t\n\t\t\n\t\t\t\t<div id=\"ngg-image-7\" class=\"ngg-gallery-thumbnail-box\" \n\t\t\t\t\t\t\t\t\t\t\t>\n\t\t\t\t\t\t<div class=\"ngg-gallery-thumbnail\">\n\t\t\t<a href=\"https:\/\/verimadenciligi.tovak.org\/wp-content\/gallery\/uma\/07-1.jpg\"\n\t\t\t\ttitle=\" \"\n\t\t\t\tdata-src=\"https:\/\/verimadenciligi.tovak.org\/wp-content\/gallery\/uma\/07-1.jpg\"\n\t\t\t\tdata-thumbnail=\"https:\/\/verimadenciligi.tovak.org\/wp-content\/gallery\/uma\/thumbs\/thumbs_07-1.jpg\"\n\t\t\t\tdata-image-id=\"75\"\n\t\t\t\tdata-title=\"07-1\"\n\t\t\t\tdata-description=\" \"\n\t\t\t\tdata-image-slug=\"07-1\"\n\t\t\t\tclass=\"ngg-fancybox\" rel=\"7c11a70b000dda76d489382c12899f4a\">\n\t\t\t\t<img\n\t\t\t\t\ttitle=\"07-1\"\n\t\t\t\t\talt=\"07-1\"\n\t\t\t\t\tsrc=\"https:\/\/verimadenciligi.tovak.org\/wp-content\/gallery\/uma\/thumbs\/thumbs_07-1.jpg\"\n\t\t\t\t\twidth=\"120\"\n\t\t\t\t\theight=\"90\"\n\t\t\t\t\tstyle=\"max-width:100%;\"\n\t\t\t\t\/>\n\t\t\t<\/a>\n\t\t<\/div>\n\t\t\t\t\t\t\t<\/div> \n\t\t\t\n\t\t\n\t\t\t\t<div id=\"ngg-image-8\" class=\"ngg-gallery-thumbnail-box\" \n\t\t\t\t\t\t\t\t\t\t\t>\n\t\t\t\t\t\t<div class=\"ngg-gallery-thumbnail\">\n\t\t\t<a href=\"https:\/\/verimadenciligi.tovak.org\/wp-content\/gallery\/uma\/08.jpg\"\n\t\t\t\ttitle=\" \"\n\t\t\t\tdata-src=\"https:\/\/verimadenciligi.tovak.org\/wp-content\/gallery\/uma\/08.jpg\"\n\t\t\t\tdata-thumbnail=\"https:\/\/verimadenciligi.tovak.org\/wp-content\/gallery\/uma\/thumbs\/thumbs_08.jpg\"\n\t\t\t\tdata-image-id=\"76\"\n\t\t\t\tdata-title=\"08\"\n\t\t\t\tdata-description=\" \"\n\t\t\t\tdata-image-slug=\"08\"\n\t\t\t\tclass=\"ngg-fancybox\" rel=\"7c11a70b000dda76d489382c12899f4a\">\n\t\t\t\t<img\n\t\t\t\t\ttitle=\"08\"\n\t\t\t\t\talt=\"08\"\n\t\t\t\t\tsrc=\"https:\/\/verimadenciligi.tovak.org\/wp-content\/gallery\/uma\/thumbs\/thumbs_08.jpg\"\n\t\t\t\t\twidth=\"120\"\n\t\t\t\t\theight=\"90\"\n\t\t\t\t\tstyle=\"max-width:100%;\"\n\t\t\t\t\/>\n\t\t\t<\/a>\n\t\t<\/div>\n\t\t\t\t\t\t\t<\/div> \n\t\t\t\n\t\t\n\t\t\t\t<div id=\"ngg-image-9\" class=\"ngg-gallery-thumbnail-box\" \n\t\t\t\t\t\t\t\t\t\t\t>\n\t\t\t\t\t\t<div class=\"ngg-gallery-thumbnail\">\n\t\t\t<a href=\"https:\/\/verimadenciligi.tovak.org\/wp-content\/gallery\/uma\/08-1.JPG\"\n\t\t\t\ttitle=\" \"\n\t\t\t\tdata-src=\"https:\/\/verimadenciligi.tovak.org\/wp-content\/gallery\/uma\/08-1.JPG\"\n\t\t\t\tdata-thumbnail=\"https:\/\/verimadenciligi.tovak.org\/wp-content\/gallery\/uma\/thumbs\/thumbs_08-1.JPG\"\n\t\t\t\tdata-image-id=\"77\"\n\t\t\t\tdata-title=\"08-1\"\n\t\t\t\tdata-description=\" \"\n\t\t\t\tdata-image-slug=\"08-1\"\n\t\t\t\tclass=\"ngg-fancybox\" rel=\"7c11a70b000dda76d489382c12899f4a\">\n\t\t\t\t<img\n\t\t\t\t\ttitle=\"08-1\"\n\t\t\t\t\talt=\"08-1\"\n\t\t\t\t\tsrc=\"https:\/\/verimadenciligi.tovak.org\/wp-content\/gallery\/uma\/thumbs\/thumbs_08-1.JPG\"\n\t\t\t\t\twidth=\"120\"\n\t\t\t\t\theight=\"90\"\n\t\t\t\t\tstyle=\"max-width:100%;\"\n\t\t\t\t\/>\n\t\t\t<\/a>\n\t\t<\/div>\n\t\t\t\t\t\t\t<\/div> \n\t\t\t\n\t\t\n\t\t\t\t<div id=\"ngg-image-10\" class=\"ngg-gallery-thumbnail-box\" \n\t\t\t\t\t\t\t\t\t\t\t>\n\t\t\t\t\t\t<div class=\"ngg-gallery-thumbnail\">\n\t\t\t<a href=\"https:\/\/verimadenciligi.tovak.org\/wp-content\/gallery\/uma\/09.jpg\"\n\t\t\t\ttitle=\" \"\n\t\t\t\tdata-src=\"https:\/\/verimadenciligi.tovak.org\/wp-content\/gallery\/uma\/09.jpg\"\n\t\t\t\tdata-thumbnail=\"https:\/\/verimadenciligi.tovak.org\/wp-content\/gallery\/uma\/thumbs\/thumbs_09.jpg\"\n\t\t\t\tdata-image-id=\"78\"\n\t\t\t\tdata-title=\"09\"\n\t\t\t\tdata-description=\" \"\n\t\t\t\tdata-image-slug=\"09\"\n\t\t\t\tclass=\"ngg-fancybox\" rel=\"7c11a70b000dda76d489382c12899f4a\">\n\t\t\t\t<img\n\t\t\t\t\ttitle=\"09\"\n\t\t\t\t\talt=\"09\"\n\t\t\t\t\tsrc=\"https:\/\/verimadenciligi.tovak.org\/wp-content\/gallery\/uma\/thumbs\/thumbs_09.jpg\"\n\t\t\t\t\twidth=\"120\"\n\t\t\t\t\theight=\"90\"\n\t\t\t\t\tstyle=\"max-width:100%;\"\n\t\t\t\t\/>\n\t\t\t<\/a>\n\t\t<\/div>\n\t\t\t\t\t\t\t<\/div> \n\t\t\t\n\t\t\n\t\t\t\t<div id=\"ngg-image-11\" class=\"ngg-gallery-thumbnail-box\" \n\t\t\t\t\t\t\t\t\t\t\t>\n\t\t\t\t\t\t<div class=\"ngg-gallery-thumbnail\">\n\t\t\t<a href=\"https:\/\/verimadenciligi.tovak.org\/wp-content\/gallery\/uma\/10.jpg\"\n\t\t\t\ttitle=\" \"\n\t\t\t\tdata-src=\"https:\/\/verimadenciligi.tovak.org\/wp-content\/gallery\/uma\/10.jpg\"\n\t\t\t\tdata-thumbnail=\"https:\/\/verimadenciligi.tovak.org\/wp-content\/gallery\/uma\/thumbs\/thumbs_10.jpg\"\n\t\t\t\tdata-image-id=\"79\"\n\t\t\t\tdata-title=\"10\"\n\t\t\t\tdata-description=\" \"\n\t\t\t\tdata-image-slug=\"10\"\n\t\t\t\tclass=\"ngg-fancybox\" rel=\"7c11a70b000dda76d489382c12899f4a\">\n\t\t\t\t<img\n\t\t\t\t\ttitle=\"10\"\n\t\t\t\t\talt=\"10\"\n\t\t\t\t\tsrc=\"https:\/\/verimadenciligi.tovak.org\/wp-content\/gallery\/uma\/thumbs\/thumbs_10.jpg\"\n\t\t\t\t\twidth=\"120\"\n\t\t\t\t\theight=\"90\"\n\t\t\t\t\tstyle=\"max-width:100%;\"\n\t\t\t\t\/>\n\t\t\t<\/a>\n\t\t<\/div>\n\t\t\t\t\t\t\t<\/div> \n\t\t\t\n\t\t\n\t\t\t\t<div id=\"ngg-image-12\" class=\"ngg-gallery-thumbnail-box\" \n\t\t\t\t\t\t\t\t\t\t\t>\n\t\t\t\t\t\t<div class=\"ngg-gallery-thumbnail\">\n\t\t\t<a href=\"https:\/\/verimadenciligi.tovak.org\/wp-content\/gallery\/uma\/11.jpg\"\n\t\t\t\ttitle=\" \"\n\t\t\t\tdata-src=\"https:\/\/verimadenciligi.tovak.org\/wp-content\/gallery\/uma\/11.jpg\"\n\t\t\t\tdata-thumbnail=\"https:\/\/verimadenciligi.tovak.org\/wp-content\/gallery\/uma\/thumbs\/thumbs_11.jpg\"\n\t\t\t\tdata-image-id=\"80\"\n\t\t\t\tdata-title=\"11\"\n\t\t\t\tdata-description=\" \"\n\t\t\t\tdata-image-slug=\"11\"\n\t\t\t\tclass=\"ngg-fancybox\" rel=\"7c11a70b000dda76d489382c12899f4a\">\n\t\t\t\t<img\n\t\t\t\t\ttitle=\"11\"\n\t\t\t\t\talt=\"11\"\n\t\t\t\t\tsrc=\"https:\/\/verimadenciligi.tovak.org\/wp-content\/gallery\/uma\/thumbs\/thumbs_11.jpg\"\n\t\t\t\t\twidth=\"120\"\n\t\t\t\t\theight=\"90\"\n\t\t\t\t\tstyle=\"max-width:100%;\"\n\t\t\t\t\/>\n\t\t\t<\/a>\n\t\t<\/div>\n\t\t\t\t\t\t\t<\/div> \n\t\t\t\n\t\t\n\t\t\t\t<div id=\"ngg-image-13\" class=\"ngg-gallery-thumbnail-box\" \n\t\t\t\t\t\t\t\t\t\t\t>\n\t\t\t\t\t\t<div class=\"ngg-gallery-thumbnail\">\n\t\t\t<a href=\"https:\/\/verimadenciligi.tovak.org\/wp-content\/gallery\/uma\/12.jpg\"\n\t\t\t\ttitle=\" \"\n\t\t\t\tdata-src=\"https:\/\/verimadenciligi.tovak.org\/wp-content\/gallery\/uma\/12.jpg\"\n\t\t\t\tdata-thumbnail=\"https:\/\/verimadenciligi.tovak.org\/wp-content\/gallery\/uma\/thumbs\/thumbs_12.jpg\"\n\t\t\t\tdata-image-id=\"81\"\n\t\t\t\tdata-title=\"12\"\n\t\t\t\tdata-description=\" \"\n\t\t\t\tdata-image-slug=\"12\"\n\t\t\t\tclass=\"ngg-fancybox\" rel=\"7c11a70b000dda76d489382c12899f4a\">\n\t\t\t\t<img\n\t\t\t\t\ttitle=\"12\"\n\t\t\t\t\talt=\"12\"\n\t\t\t\t\tsrc=\"https:\/\/verimadenciligi.tovak.org\/wp-content\/gallery\/uma\/thumbs\/thumbs_12.jpg\"\n\t\t\t\t\twidth=\"120\"\n\t\t\t\t\theight=\"90\"\n\t\t\t\t\tstyle=\"max-width:100%;\"\n\t\t\t\t\/>\n\t\t\t<\/a>\n\t\t<\/div>\n\t\t\t\t\t\t\t<\/div> \n\t\t\t\n\t\t\n\t\t\t\t<div id=\"ngg-image-14\" class=\"ngg-gallery-thumbnail-box\" \n\t\t\t\t\t\t\t\t\t\t\t>\n\t\t\t\t\t\t<div class=\"ngg-gallery-thumbnail\">\n\t\t\t<a href=\"https:\/\/verimadenciligi.tovak.org\/wp-content\/gallery\/uma\/12-0.JPG\"\n\t\t\t\ttitle=\" \"\n\t\t\t\tdata-src=\"https:\/\/verimadenciligi.tovak.org\/wp-content\/gallery\/uma\/12-0.JPG\"\n\t\t\t\tdata-thumbnail=\"https:\/\/verimadenciligi.tovak.org\/wp-content\/gallery\/uma\/thumbs\/thumbs_12-0.JPG\"\n\t\t\t\tdata-image-id=\"82\"\n\t\t\t\tdata-title=\"12-0\"\n\t\t\t\tdata-description=\" \"\n\t\t\t\tdata-image-slug=\"12-0\"\n\t\t\t\tclass=\"ngg-fancybox\" rel=\"7c11a70b000dda76d489382c12899f4a\">\n\t\t\t\t<img\n\t\t\t\t\ttitle=\"12-0\"\n\t\t\t\t\talt=\"12-0\"\n\t\t\t\t\tsrc=\"https:\/\/verimadenciligi.tovak.org\/wp-content\/gallery\/uma\/thumbs\/thumbs_12-0.JPG\"\n\t\t\t\t\twidth=\"120\"\n\t\t\t\t\theight=\"90\"\n\t\t\t\t\tstyle=\"max-width:100%;\"\n\t\t\t\t\/>\n\t\t\t<\/a>\n\t\t<\/div>\n\t\t\t\t\t\t\t<\/div> \n\t\t\t\n\t\t\n\t\t\t\t<div id=\"ngg-image-15\" class=\"ngg-gallery-thumbnail-box\" \n\t\t\t\t\t\t\t\t\t\t\t>\n\t\t\t\t\t\t<div class=\"ngg-gallery-thumbnail\">\n\t\t\t<a href=\"https:\/\/verimadenciligi.tovak.org\/wp-content\/gallery\/uma\/12-2.jpg\"\n\t\t\t\ttitle=\" \"\n\t\t\t\tdata-src=\"https:\/\/verimadenciligi.tovak.org\/wp-content\/gallery\/uma\/12-2.jpg\"\n\t\t\t\tdata-thumbnail=\"https:\/\/verimadenciligi.tovak.org\/wp-content\/gallery\/uma\/thumbs\/thumbs_12-2.jpg\"\n\t\t\t\tdata-image-id=\"83\"\n\t\t\t\tdata-title=\"12-2\"\n\t\t\t\tdata-description=\" \"\n\t\t\t\tdata-image-slug=\"12-2\"\n\t\t\t\tclass=\"ngg-fancybox\" rel=\"7c11a70b000dda76d489382c12899f4a\">\n\t\t\t\t<img\n\t\t\t\t\ttitle=\"12-2\"\n\t\t\t\t\talt=\"12-2\"\n\t\t\t\t\tsrc=\"https:\/\/verimadenciligi.tovak.org\/wp-content\/gallery\/uma\/thumbs\/thumbs_12-2.jpg\"\n\t\t\t\t\twidth=\"120\"\n\t\t\t\t\theight=\"90\"\n\t\t\t\t\tstyle=\"max-width:100%;\"\n\t\t\t\t\/>\n\t\t\t<\/a>\n\t\t<\/div>\n\t\t\t\t\t\t\t<\/div> \n\t\t\t\n\t\t\n\t\t\t\t<div id=\"ngg-image-16\" class=\"ngg-gallery-thumbnail-box\" \n\t\t\t\t\t\t\t\t\t\t\t>\n\t\t\t\t\t\t<div class=\"ngg-gallery-thumbnail\">\n\t\t\t<a href=\"https:\/\/verimadenciligi.tovak.org\/wp-content\/gallery\/uma\/12-3.jpg\"\n\t\t\t\ttitle=\" \"\n\t\t\t\tdata-src=\"https:\/\/verimadenciligi.tovak.org\/wp-content\/gallery\/uma\/12-3.jpg\"\n\t\t\t\tdata-thumbnail=\"https:\/\/verimadenciligi.tovak.org\/wp-content\/gallery\/uma\/thumbs\/thumbs_12-3.jpg\"\n\t\t\t\tdata-image-id=\"84\"\n\t\t\t\tdata-title=\"12-3\"\n\t\t\t\tdata-description=\" \"\n\t\t\t\tdata-image-slug=\"12-3\"\n\t\t\t\tclass=\"ngg-fancybox\" rel=\"7c11a70b000dda76d489382c12899f4a\">\n\t\t\t\t<img\n\t\t\t\t\ttitle=\"12-3\"\n\t\t\t\t\talt=\"12-3\"\n\t\t\t\t\tsrc=\"https:\/\/verimadenciligi.tovak.org\/wp-content\/gallery\/uma\/thumbs\/thumbs_12-3.jpg\"\n\t\t\t\t\twidth=\"120\"\n\t\t\t\t\theight=\"90\"\n\t\t\t\t\tstyle=\"max-width:100%;\"\n\t\t\t\t\/>\n\t\t\t<\/a>\n\t\t<\/div>\n\t\t\t\t\t\t\t<\/div> \n\t\t\t\n\t\t\n\t\t\t\t<div id=\"ngg-image-17\" class=\"ngg-gallery-thumbnail-box\" \n\t\t\t\t\t\t\t\t\t\t\t>\n\t\t\t\t\t\t<div class=\"ngg-gallery-thumbnail\">\n\t\t\t<a href=\"https:\/\/verimadenciligi.tovak.org\/wp-content\/gallery\/uma\/13.jpg\"\n\t\t\t\ttitle=\" \"\n\t\t\t\tdata-src=\"https:\/\/verimadenciligi.tovak.org\/wp-content\/gallery\/uma\/13.jpg\"\n\t\t\t\tdata-thumbnail=\"https:\/\/verimadenciligi.tovak.org\/wp-content\/gallery\/uma\/thumbs\/thumbs_13.jpg\"\n\t\t\t\tdata-image-id=\"85\"\n\t\t\t\tdata-title=\"13\"\n\t\t\t\tdata-description=\" \"\n\t\t\t\tdata-image-slug=\"13\"\n\t\t\t\tclass=\"ngg-fancybox\" rel=\"7c11a70b000dda76d489382c12899f4a\">\n\t\t\t\t<img\n\t\t\t\t\ttitle=\"13\"\n\t\t\t\t\talt=\"13\"\n\t\t\t\t\tsrc=\"https:\/\/verimadenciligi.tovak.org\/wp-content\/gallery\/uma\/thumbs\/thumbs_13.jpg\"\n\t\t\t\t\twidth=\"120\"\n\t\t\t\t\theight=\"90\"\n\t\t\t\t\tstyle=\"max-width:100%;\"\n\t\t\t\t\/>\n\t\t\t<\/a>\n\t\t<\/div>\n\t\t\t\t\t\t\t<\/div> \n\t\t\t\n\t\t\n\t\t\t\t<div id=\"ngg-image-18\" class=\"ngg-gallery-thumbnail-box\" \n\t\t\t\t\t\t\t\t\t\t\t>\n\t\t\t\t\t\t<div class=\"ngg-gallery-thumbnail\">\n\t\t\t<a href=\"https:\/\/verimadenciligi.tovak.org\/wp-content\/gallery\/uma\/13-1.jpg\"\n\t\t\t\ttitle=\" \"\n\t\t\t\tdata-src=\"https:\/\/verimadenciligi.tovak.org\/wp-content\/gallery\/uma\/13-1.jpg\"\n\t\t\t\tdata-thumbnail=\"https:\/\/verimadenciligi.tovak.org\/wp-content\/gallery\/uma\/thumbs\/thumbs_13-1.jpg\"\n\t\t\t\tdata-image-id=\"86\"\n\t\t\t\tdata-title=\"13-1\"\n\t\t\t\tdata-description=\" \"\n\t\t\t\tdata-image-slug=\"13-1\"\n\t\t\t\tclass=\"ngg-fancybox\" rel=\"7c11a70b000dda76d489382c12899f4a\">\n\t\t\t\t<img\n\t\t\t\t\ttitle=\"13-1\"\n\t\t\t\t\talt=\"13-1\"\n\t\t\t\t\tsrc=\"https:\/\/verimadenciligi.tovak.org\/wp-content\/gallery\/uma\/thumbs\/thumbs_13-1.jpg\"\n\t\t\t\t\twidth=\"120\"\n\t\t\t\t\theight=\"90\"\n\t\t\t\t\tstyle=\"max-width:100%;\"\n\t\t\t\t\/>\n\t\t\t<\/a>\n\t\t<\/div>\n\t\t\t\t\t\t\t<\/div> \n\t\t\t\n\t\t\n\t\t\t\t<div id=\"ngg-image-19\" class=\"ngg-gallery-thumbnail-box\" \n\t\t\t\t\t\t\t\t\t\t\t>\n\t\t\t\t\t\t<div class=\"ngg-gallery-thumbnail\">\n\t\t\t<a href=\"https:\/\/verimadenciligi.tovak.org\/wp-content\/gallery\/uma\/14.jpg\"\n\t\t\t\ttitle=\" \"\n\t\t\t\tdata-src=\"https:\/\/verimadenciligi.tovak.org\/wp-content\/gallery\/uma\/14.jpg\"\n\t\t\t\tdata-thumbnail=\"https:\/\/verimadenciligi.tovak.org\/wp-content\/gallery\/uma\/thumbs\/thumbs_14.jpg\"\n\t\t\t\tdata-image-id=\"87\"\n\t\t\t\tdata-title=\"14\"\n\t\t\t\tdata-description=\" \"\n\t\t\t\tdata-image-slug=\"14\"\n\t\t\t\tclass=\"ngg-fancybox\" rel=\"7c11a70b000dda76d489382c12899f4a\">\n\t\t\t\t<img\n\t\t\t\t\ttitle=\"14\"\n\t\t\t\t\talt=\"14\"\n\t\t\t\t\tsrc=\"https:\/\/verimadenciligi.tovak.org\/wp-content\/gallery\/uma\/thumbs\/thumbs_14.jpg\"\n\t\t\t\t\twidth=\"120\"\n\t\t\t\t\theight=\"90\"\n\t\t\t\t\tstyle=\"max-width:100%;\"\n\t\t\t\t\/>\n\t\t\t<\/a>\n\t\t<\/div>\n\t\t\t\t\t\t\t<\/div> \n\t\t\t\n\t\t\n\t\t\n\t\t<!-- Pagination -->\n\t\t<div class='ngg-navigation'><span class='current'>1<\/span>\n<a class='page-numbers' data-pageid='2' href='https:\/\/verimadenciligi.tovak.org\/index.php\/nggallery\/page\/2?page_id=274'>2<\/a>\n<a class='page-numbers' data-pageid='3' href='https:\/\/verimadenciligi.tovak.org\/index.php\/nggallery\/page\/3?page_id=274'>3<\/a>\n<a class='prev' href='https:\/\/verimadenciligi.tovak.org\/index.php\/nggallery\/page\/2?page_id=274' data-pageid=2>&#9658;<\/a><\/div>\t<\/div>\n\n\n\n\n<h2 class=\"wp-block-heading\">Ula\u015f\u0131m<\/h2>\n\n\n\n<hr class=\"wp-block-separator\"\/>\n\n\n\n<p>Kat\u0131l\u0131mc\u0131lar\u0131m\u0131z \u00e7al\u0131\u015ftay yerine ula\u015fmak i\u00e7in; <strong>Dalaman Havaliman\u0131\u2019ndan Hava\u015f ile Marmaris Otogar, Marmaris Otogar\u2019dan Turun\u00e7 minib\u00fcsleri ile TOVAK Uluslararas\u0131 Marmaris Akademisi<\/strong> yolunu kullanabilirler.<\/p>\n\n\n\n<p>Dalaman Havaliman\u0131 ve TOVAK Uluslararas\u0131 Marmaris Akademisi aras\u0131 yakla\u015f\u0131k 2 saat s\u00fcrmektedir.<\/p>\n\n\n\n<iframe src=\"https:\/\/www.google.com\/maps\/embed?pb=!1m18!1m12!1m3!1d40586.61806651488!2d28.255985483072795!3d36.770666802235624!2m3!1f0!2f0!3f0!3m2!1i1024!2i768!4f13.1!3m3!1m2!1s0x14bfbf7a710e2479%3A0x3112cb8c405caf64!2sInternational%20Academy%20of%20Marmaris!5e0!3m2!1str!2str!4v1650437929020!5m2!1str!2str\" width=\"600\" height=\"450\" style=\"border:0;\" allowfullscreen=\"\" loading=\"lazy\" referrerpolicy=\"no-referrer-when-downgrade\"><\/iframe>\n<div class=\"pvc_clear\"><\/div><p id=\"pvc_stats_274\" class=\"pvc_stats all  \" data-element-id=\"274\" style=\"\"><i class=\"pvc-stats-icon medium\" aria-hidden=\"true\"><svg aria-hidden=\"true\" focusable=\"false\" data-prefix=\"far\" data-icon=\"chart-bar\" role=\"img\" xmlns=\"http:\/\/www.w3.org\/2000\/svg\" viewBox=\"0 0 512 512\" class=\"svg-inline--fa fa-chart-bar fa-w-16 fa-2x\"><path fill=\"currentColor\" d=\"M396.8 352h22.4c6.4 0 12.8-6.4 12.8-12.8V108.8c0-6.4-6.4-12.8-12.8-12.8h-22.4c-6.4 0-12.8 6.4-12.8 12.8v230.4c0 6.4 6.4 12.8 12.8 12.8zm-192 0h22.4c6.4 0 12.8-6.4 12.8-12.8V140.8c0-6.4-6.4-12.8-12.8-12.8h-22.4c-6.4 0-12.8 6.4-12.8 12.8v198.4c0 6.4 6.4 12.8 12.8 12.8zm96 0h22.4c6.4 0 12.8-6.4 12.8-12.8V204.8c0-6.4-6.4-12.8-12.8-12.8h-22.4c-6.4 0-12.8 6.4-12.8 12.8v134.4c0 6.4 6.4 12.8 12.8 12.8zM496 400H48V80c0-8.84-7.16-16-16-16H16C7.16 64 0 71.16 0 80v336c0 17.67 14.33 32 32 32h464c8.84 0 16-7.16 16-16v-16c0-8.84-7.16-16-16-16zm-387.2-48h22.4c6.4 0 12.8-6.4 12.8-12.8v-70.4c0-6.4-6.4-12.8-12.8-12.8h-22.4c-6.4 0-12.8 6.4-12.8 12.8v70.4c0 6.4 6.4 12.8 12.8 12.8z\" class=\"\"><\/path><\/svg><\/i> <img loading=\"lazy\" decoding=\"async\" width=\"16\" height=\"16\" alt=\"Loading\" src=\"https:\/\/verimadenciligi.tovak.org\/wp-content\/plugins\/page-views-count\/ajax-loader-2x.gif\" border=0 \/><\/p><div class=\"pvc_clear\"><\/div>","protected":false},"excerpt":{"rendered":"<p>TOVAK ULUSLARARASI MARMAR\u0130S AKADEM\u0130S\u0130 Adres:Turun\u00e7 Beldesi Kayg\u0131seki MevkiMarmaris &#8211; Mu\u011fla, T\u00fcrkiye Ula\u015f\u0131m Kat\u0131l\u0131mc\u0131lar\u0131m\u0131z \u00e7al\u0131\u015ftay yerine ula\u015fmak i\u00e7in; Dalaman Havaliman\u0131\u2019ndan Hava\u015f ile Marmaris Otogar, Marmaris Otogar\u2019dan Turun\u00e7 minib\u00fcsleri ile TOVAK Uluslararas\u0131 Marmaris Akademisi yolunu kullanabilirler. Dalaman Havaliman\u0131 ve TOVAK Uluslararas\u0131 Marmaris Akademisi aras\u0131 yakla\u015f\u0131k 2 saat s\u00fcrmektedir.<\/p>\n<div class=\"pvc_clear\"><\/div>\n<p id=\"pvc_stats_274\" class=\"pvc_stats all  \" data-element-id=\"274\" style=\"\"><i class=\"pvc-stats-icon medium\" aria-hidden=\"true\"><svg aria-hidden=\"true\" focusable=\"false\" data-prefix=\"far\" data-icon=\"chart-bar\" role=\"img\" xmlns=\"http:\/\/www.w3.org\/2000\/svg\" viewBox=\"0 0 512 512\" class=\"svg-inline--fa fa-chart-bar fa-w-16 fa-2x\"><path fill=\"currentColor\" d=\"M396.8 352h22.4c6.4 0 12.8-6.4 12.8-12.8V108.8c0-6.4-6.4-12.8-12.8-12.8h-22.4c-6.4 0-12.8 6.4-12.8 12.8v230.4c0 6.4 6.4 12.8 12.8 12.8zm-192 0h22.4c6.4 0 12.8-6.4 12.8-12.8V140.8c0-6.4-6.4-12.8-12.8-12.8h-22.4c-6.4 0-12.8 6.4-12.8 12.8v198.4c0 6.4 6.4 12.8 12.8 12.8zm96 0h22.4c6.4 0 12.8-6.4 12.8-12.8V204.8c0-6.4-6.4-12.8-12.8-12.8h-22.4c-6.4 0-12.8 6.4-12.8 12.8v134.4c0 6.4 6.4 12.8 12.8 12.8zM496 400H48V80c0-8.84-7.16-16-16-16H16C7.16 64 0 71.16 0 80v336c0 17.67 14.33 32 32 32h464c8.84 0 16-7.16 16-16v-16c0-8.84-7.16-16-16-16zm-387.2-48h22.4c6.4 0 12.8-6.4 12.8-12.8v-70.4c0-6.4-6.4-12.8-12.8-12.8h-22.4c-6.4 0-12.8 6.4-12.8 12.8v70.4c0 6.4 6.4 12.8 12.8 12.8z\" class=\"\"><\/path><\/svg><\/i> <img loading=\"lazy\" decoding=\"async\" width=\"16\" height=\"16\" alt=\"Loading\" src=\"https:\/\/verimadenciligi.tovak.org\/wp-content\/plugins\/page-views-count\/ajax-loader-2x.gif\" border=0 \/><\/p>\n<div class=\"pvc_clear\"><\/div>\n","protected":false},"author":1,"featured_media":0,"parent":0,"menu_order":0,"comment_status":"closed","ping_status":"open","template":"","meta":{"ngg_post_thumbnail":0,"footnotes":""},"_links":{"self":[{"href":"https:\/\/verimadenciligi.tovak.org\/index.php?rest_route=\/wp\/v2\/pages\/274"}],"collection":[{"href":"https:\/\/verimadenciligi.tovak.org\/index.php?rest_route=\/wp\/v2\/pages"}],"about":[{"href":"https:\/\/verimadenciligi.tovak.org\/index.php?rest_route=\/wp\/v2\/types\/page"}],"author":[{"embeddable":true,"href":"https:\/\/verimadenciligi.tovak.org\/index.php?rest_route=\/wp\/v2\/users\/1"}],"replies":[{"embeddable":true,"href":"https:\/\/verimadenciligi.tovak.org\/index.php?rest_route=%2Fwp%2Fv2%2Fcomments&post=274"}],"version-history":[{"count":26,"href":"https:\/\/verimadenciligi.tovak.org\/index.php?rest_route=\/wp\/v2\/pages\/274\/revisions"}],"predecessor-version":[{"id":1470,"href":"https:\/\/verimadenciligi.tovak.org\/index.php?rest_route=\/wp\/v2\/pages\/274\/revisions\/1470"}],"wp:attachment":[{"href":"https:\/\/verimadenciligi.tovak.org\/index.php?rest_route=%2Fwp%2Fv2%2Fmedia&parent=274"}],"curies":[{"name":"wp","href":"https:\/\/api.w.org\/{rel}","templated":true}]}}